{"id":11,"date":"2025-07-19T01:04:45","date_gmt":"2025-07-19T01:04:45","guid":{"rendered":"https:\/\/felgoulart.com.br\/biosensi\/student-registration\/"},"modified":"2025-08-21T22:37:18","modified_gmt":"2025-08-22T01:37:18","slug":"registro","status":"publish","type":"page","link":"https:\/\/felgoulart.com.br\/biosensi\/registro\/","title":{"rendered":"Registro"},"content":{"rendered":"\r\n\r\n\t<div class=\"container\">\r\n\t\t<div class=\"row justify-content-center\">\r\n\t\t\t<div class=\"col-lg-7\">\r\n\t\t\t\t<div class=\"tp-login-input-form edcare-form-wrapper\">\r\n\t\t\t\t\t\r\n\t\t\t\t\t<form method=\"post\" enctype=\"multipart\/form-data\" id=\"tutor-registration-form\">\r\n\t\t\t\t\t\t<input type=\"hidden\" name=\"tutor_course_enroll_attempt\"\r\n\t\t\t\t\t\t\tvalue=\"\">\r\n\t\t\t\t\t\t\r\n\t\t\t\t\t\t<input type=\"hidden\" id=\"_tutor_nonce\" name=\"_tutor_nonce\" value=\"b7ff4d2ce4\" \/><input type=\"hidden\" name=\"_wp_http_referer\" value=\"\/biosensi\/wp-json\/wp\/v2\/pages\/11\" \/>\t\t\t\t\t\t<input type=\"hidden\" value=\"tutor_register_student\" name=\"tutor_action\" \/>\r\n\r\n\t\t\t\t\t\t\r\n\t\t\t\t\t\t<div class=\"row\">\r\n\t\t\t\t\t\t\t<div class=\"col-md-6\">\r\n\t\t\t\t\t\t\t\t<div class=\"tp-login-input p-relative\">\r\n\t\t\t\t\t\t\t\t\t<label>Primeiro Nome<\/label>\r\n\t\t\t\t\t\t\t\t\t<input type=\"text\" name=\"first_name\"\r\n\t\t\t\t\t\t\t\t\t\tvalue=\"\"\r\n\t\t\t\t\t\t\t\t\t\tplaceholder=\"Primeiro Nome\" required\r\n\t\t\t\t\t\t\t\t\t\tautocomplete=\"given-name\">\r\n\t\t\t\t\t\t\t\t<\/div>\r\n\t\t\t\t\t\t\t<\/div>\r\n\r\n\t\t\t\t\t\t\t<div class=\"col-md-6\">\r\n\t\t\t\t\t\t\t\t<div class=\"tp-login-input p-relative\">\r\n\t\t\t\t\t\t\t\t\t<label>\u00daltimo Nome<\/label>\r\n\t\t\t\t\t\t\t\t\t<input type=\"text\" name=\"last_name\"\r\n\t\t\t\t\t\t\t\t\t\tvalue=\"\"\r\n\t\t\t\t\t\t\t\t\t\tplaceholder=\"\u00daltimo Nome\" required\r\n\t\t\t\t\t\t\t\t\t\tautocomplete=\"family-name\">\r\n\t\t\t\t\t\t\t\t<\/div>\r\n\t\t\t\t\t\t\t<\/div>\r\n\r\n\t\t\t\t\t\t<\/div>\r\n\r\n\t\t\t\t\t\t<div class=\"row\">\r\n\t\t\t\t\t\t\t<div class=\"col-md-6\">\r\n\t\t\t\t\t\t\t\t<div class=\"tp-login-input p-relative\">\r\n\t\t\t\t\t\t\t\t\t<label>Usu\u00e1rio<\/label>\r\n\t\t\t\t\t\t\t\t\t<input type=\"text\" name=\"user_login\" class=\"tutor_user_name\"\r\n\t\t\t\t\t\t\t\t\t\tvalue=\"\"\r\n\t\t\t\t\t\t\t\t\t\tplaceholder=\"Usu\u00e1rio\" required\r\n\t\t\t\t\t\t\t\t\t\tautocomplete=\"username\">\r\n\t\t\t\t\t\t\t\t<\/div>\r\n\t\t\t\t\t\t\t<\/div>\r\n\r\n\t\t\t\t\t\t\t<div class=\"col-md-6\">\r\n\t\t\t\t\t\t\t\t<div class=\"tp-login-input p-relative\">\r\n\t\t\t\t\t\t\t\t\t<label>E-Mail<\/label>\r\n\t\t\t\t\t\t\t\t\t<input type=\"text\" name=\"email\"\r\n\t\t\t\t\t\t\t\t\t\tvalue=\"\"\r\n\t\t\t\t\t\t\t\t\t\tplaceholder=\"E-Mail\" required\r\n\t\t\t\t\t\t\t\t\t\tautocomplete=\"email\">\r\n\t\t\t\t\t\t\t\t<\/div>\r\n\t\t\t\t\t\t\t<\/div>\r\n\r\n\t\t\t\t\t\t<\/div>\r\n\r\n\t\t\t\t\t\t<div class=\"row\">\r\n\t\t\t\t\t\t\t<div class=\"col-md-12\">\r\n\t\t\t\t\t\t\t\t<div class=\"tp-login-input p-relative\">\r\n\t\t\t\t\t\t\t\t\t<div class=\"tutor-password-strength-checker\">\r\n\t\t\t\t\t\t\t\t\t\t<div class=\"tutor-password-field\">\r\n\t\t\t\t\t\t\t\t\t\t\t<label>Senha<\/label>\r\n\t\t\t\t\t\t\t\t\t\t\t<input class=\"password-checker\" id=\"tutor-new-password\" type=\"password\"\r\n\t\t\t\t\t\t\t\t\t\t\t\tname=\"password\"\r\n\t\t\t\t\t\t\t\t\t\t\t\tvalue=\"\"\r\n\t\t\t\t\t\t\t\t\t\t\t\tplaceholder=\"Senha\" required\r\n\t\t\t\t\t\t\t\t\t\t\t\tautocomplete=\"new-password\">\r\n\t\t\t\t\t\t\t\t\t\t\t<span class=\"show-hide-btn\"><\/span>\r\n\t\t\t\t\t\t\t\t\t\t<\/div>\r\n\r\n\t\t\t\t\t\t\t\t\t\t<div class=\"tutor-password-strength-hint\">\r\n\t\t\t\t\t\t\t\t\t\t\t<div class=\"indicator\">\r\n\t\t\t\t\t\t\t\t\t\t\t\t<span class=\"weak\"><\/span>\r\n\t\t\t\t\t\t\t\t\t\t\t\t<span class=\"medium\"><\/span>\r\n\t\t\t\t\t\t\t\t\t\t\t\t<span class=\"strong\"><\/span>\r\n\t\t\t\t\t\t\t\t\t\t\t<\/div>\r\n\t\t\t\t\t\t\t\t\t\t\t<div class=\"text tutor-fs-7 tutor-color-muted\"><\/div>\r\n\t\t\t\t\t\t\t\t\t\t<\/div>\r\n\t\t\t\t\t\t\t\t\t<\/div>\r\n\t\t\t\t\t\t\t\t<\/div>\r\n\r\n\t\t\t\t\t\t\t<\/div>\r\n\r\n\t\t\t\t\t\t\t<div class=\"col-md-12\">\r\n\t\t\t\t\t\t\t\t<div class=\"tp-login-input p-relative\">\r\n\t\t\t\t\t\t\t\t\t<label>Confirmar senha<\/label>\r\n\t\t\t\t\t\t\t\t\t<input type=\"password\" name=\"password_confirmation\"\r\n\t\t\t\t\t\t\t\t\t\tvalue=\"\"\r\n\t\t\t\t\t\t\t\t\t\tplaceholder=\"Confirmar senha\" required\r\n\t\t\t\t\t\t\t\t\t\tautocomplete=\"new-password\">\r\n\t\t\t\t\t\t\t\t\t<span\r\n\t\t\t\t\t\t\t\t\t\tclass=\"tutor-validation-icon tutor-icon-mark tutor-color-success tutor-form-icon tutor-form-icon-reverse display-none\"><\/span>\r\n\t\t\t\t\t\t\t\t<\/div>\r\n\t\t\t\t\t\t\t<\/div>\r\n\t\t\t\t\t\t<\/div>\r\n\r\n\r\n\t\t\t\t\t\t<div class=\"tutor-form-row\">\r\n\t\t\t\t\t\t\t<div class=\"tutor-form-col-12\">\r\n\t\t\t\t\t\t\t\t<div class=\"tutor-form-group m-0\">\r\n\t\t\t\t\t\t\t\t\t\t\t\t\t\t\t\t\t<\/div>\r\n\t\t\t\t\t\t\t<\/div>\r\n\t\t\t\t\t\t<\/div>\r\n\r\n\t\t\t\t\t\t\r\n\t\t\t\t\t\t\t\t\t\t\t\t\t\t\t\t\t\t\t<div class=\"tutor-mb-24\">\r\n\t\t\t\t\t\t\t\tRegistrando, voc\u00ea concorda com os \t\t\t\t\t\t\t\t<a target=\"_blank\" href=\"https:\/\/felgoulart.com.br\/biosensi\/termos-e-condicoes-de-uso\/\"\r\n\t\t\t\t\t\t\t\t\ttitle=\"Terms and Conditions\">\r\n\t\t\t\t\t\t\t\t\tTerms and Conditions\t\t\t\t\t\t\t\t<\/a>\r\n\t\t\t\t\t\t\t<\/div>\r\n\t\t\t\t\t\t\r\n\t\t\t\t\t\t<div class=\"tp-login-from-btn mt-15\">\r\n\t\t\t\t\t\t\t<button type=\"submit\" name=\"tutor_register_student_btn\" value=\"register\"\r\n\t\t\t\t\t\t\t\tclass=\"ed-primary-btn edcare-tutor-button tp-btn-inner w-100\">Registrar<\/button>\r\n\t\t\t\t\t\t<\/div>\r\n\t\t\t\t\t\t\r\n\t\t\t\t\t<\/form>\r\n\t\t\t\t\t\t\t\t\t<\/div>\r\n\t\t\t<\/div>\r\n\t\t<\/div>\r\n\r\n\r\n\t<\/div>\r\n\t","protected":false},"excerpt":{"rendered":"<p>Primeiro Nome \u00daltimo Nome Usu\u00e1rio E-Mail Senha Confirmar senha Registrando, voc\u00ea concorda com os Terms and Conditions Registrar<\/p>\n","protected":false},"author":1,"featured_media":0,"parent":0,"menu_order":0,"comment_status":"closed","ping_status":"closed","template":"","meta":{"_acf_changed":false,"footnotes":""},"class_list":["post-11","page","type-page","status-publish","hentry"],"acf":[],"_links":{"self":[{"href":"https:\/\/felgoulart.com.br\/biosensi\/wp-json\/wp\/v2\/pages\/11","targetHints":{"allow":["GET"]}}],"collection":[{"href":"https:\/\/felgoulart.com.br\/biosensi\/wp-json\/wp\/v2\/pages"}],"about":[{"href":"https:\/\/felgoulart.com.br\/biosensi\/wp-json\/wp\/v2\/types\/page"}],"author":[{"embeddable":true,"href":"https:\/\/felgoulart.com.br\/biosensi\/wp-json\/wp\/v2\/users\/1"}],"replies":[{"embeddable":true,"href":"https:\/\/felgoulart.com.br\/biosensi\/wp-json\/wp\/v2\/comments?post=11"}],"version-history":[{"count":1,"href":"https:\/\/felgoulart.com.br\/biosensi\/wp-json\/wp\/v2\/pages\/11\/revisions"}],"predecessor-version":[{"id":7654,"href":"https:\/\/felgoulart.com.br\/biosensi\/wp-json\/wp\/v2\/pages\/11\/revisions\/7654"}],"wp:attachment":[{"href":"https:\/\/felgoulart.com.br\/biosensi\/wp-json\/wp\/v2\/media?parent=11"}],"curies":[{"name":"wp","href":"https:\/\/api.w.org\/{rel}","templated":true}]}}