{"id":6940,"date":"2024-12-08T09:56:44","date_gmt":"2024-12-08T09:56:44","guid":{"rendered":"https:\/\/wp.rrdevs.net\/edcare\/cart\/"},"modified":"2025-08-18T13:39:28","modified_gmt":"2025-08-18T16:39:28","slug":"cart-2","status":"publish","type":"page","link":"https:\/\/felgoulart.com.br\/biosensi\/cart-2\/","title":{"rendered":"Carrinho"},"content":{"rendered":"\n<div data-block-name=\"woocommerce\/cart\" class=\"wp-block-woocommerce-cart alignwide is-loading\">\n<div data-block-name=\"woocommerce\/filled-cart-block\" class=\"wp-block-woocommerce-filled-cart-block\">\n<div data-block-name=\"woocommerce\/cart-items-block\" class=\"wp-block-woocommerce-cart-items-block\">\n<div data-block-name=\"woocommerce\/cart-line-items-block\" class=\"wp-block-woocommerce-cart-line-items-block\">\u00a0<\/div>\n\n\n\n<div data-block-name=\"woocommerce\/cart-cross-sells-block\" class=\"wp-block-woocommerce-cart-cross-sells-block\">\n<h2 class=\"wp-block-heading has-large-font-size\">Voc\u00ea pode estar interessado em&#8230;<\/h2>\n\n\n\n<div data-block-name=\"woocommerce\/cart-cross-sells-products-block\" class=\"wp-block-woocommerce-cart-cross-sells-products-block\">\u00a0<\/div>\n<\/div>\n<\/div>\n\n\n\n<div data-block-name=\"woocommerce\/cart-totals-block\" class=\"wp-block-woocommerce-cart-totals-block\">\n<div data-block-name=\"woocommerce\/cart-order-summary-block\" class=\"wp-block-woocommerce-cart-order-summary-block\">\n<div data-block-name=\"woocommerce\/cart-order-summary-heading-block\" data-content=\"Total no carrinho\" class=\"wp-block-woocommerce-cart-order-summary-heading-block\"><\/div>\n\n\n\n<div data-block-name=\"woocommerce\/cart-order-summary-coupon-form-block\" class=\"wp-block-woocommerce-cart-order-summary-coupon-form-block\"><\/div>\n\n\n\n<div data-block-name=\"woocommerce\/cart-order-summary-totals-block\" class=\"wp-block-woocommerce-cart-order-summary-totals-block\">\n<div data-block-name=\"woocommerce\/cart-order-summary-subtotal-block\" class=\"wp-block-woocommerce-cart-order-summary-subtotal-block\"><\/div>\n\n\n\n<div data-block-name=\"woocommerce\/cart-order-summary-fee-block\" class=\"wp-block-woocommerce-cart-order-summary-fee-block\"><\/div>\n\n\n\n<div data-block-name=\"woocommerce\/cart-order-summary-discount-block\" class=\"wp-block-woocommerce-cart-order-summary-discount-block\"><\/div>\n\n\n\n<div data-block-name=\"woocommerce\/cart-order-summary-shipping-block\" class=\"wp-block-woocommerce-cart-order-summary-shipping-block\"><\/div>\n\n\n\n<div data-block-name=\"woocommerce\/cart-order-summary-taxes-block\" class=\"wp-block-woocommerce-cart-order-summary-taxes-block\"><\/div>\n<\/div>\n<\/div>\n\n\n\n<div data-block-name=\"woocommerce\/cart-express-payment-block\" class=\"wp-block-woocommerce-cart-express-payment-block\"><\/div>\n\n\n\n<div data-block-name=\"woocommerce\/proceed-to-checkout-block\" class=\"wp-block-woocommerce-proceed-to-checkout-block\">\u00a0<\/div>\n\n\n\n<div data-block-name=\"woocommerce\/cart-accepted-payment-methods-block\" class=\"wp-block-woocommerce-cart-accepted-payment-methods-block\">\u00a0<\/div>\n<\/div>\n<\/div>\n\n\n\n<div data-block-name=\"woocommerce\/empty-cart-block\" class=\"wp-block-woocommerce-empty-cart-block\">\n<h2 class=\"wp-block-heading has-text-align-center with-empty-cart-icon wc-block-cart__empty-cart__title\">Your cart is currently empty!<\/h2>\n\n\n\n<hr class=\"wp-block-separator has-alpha-channel-opacity is-style-dots\"\/>\n\n\n\n<h2 class=\"wp-block-heading has-text-align-center\">New in store<\/h2>\n\n\n<div data-block-name=\"woocommerce\/product-new\" data-columns=\"4\" data-rows=\"1\" class=\"wc-block-grid wp-block-product-new wp-block-woocommerce-product-new wc-block-product-new has-4-columns\"><ul class=\"wc-block-grid__products\"><li class=\"wc-block-grid__product\">\n\t\t\t\t<a href=\"https:\/\/felgoulart.com.br\/biosensi\/product\/covid-19\/\" class=\"wc-block-grid__product-link\">\n\t\t\t\t\t\n\t\t\t\t\t<div class=\"wc-block-grid__product-image\"><img decoding=\"async\" width=\"200\" height=\"112\" src=\"https:\/\/felgoulart.com.br\/biosensi\/wp-content\/uploads\/2025\/08\/covid19.webp\" class=\"attachment-woocommerce_thumbnail size-woocommerce_thumbnail\" alt=\"COVID-19\" \/><\/div>\n\t\t\t\t\t<div class=\"wc-block-grid__product-title\">COVID-19<\/div>\n\t\t\t\t<\/a>\n\t\t\t\t<div class=\"wc-block-grid__product-price price\"><span class=\"woocommerce-Price-amount amount\"><span class=\"woocommerce-Price-currencySymbol\">&#082;&#036;<\/span>&nbsp;109,90<\/span><\/div>\n\t\t\t\t\n\t\t\t\t<div class=\"wp-block-button wc-block-grid__product-add-to-cart\"><a href=\"\/biosensi\/wp-json\/wp\/v2\/pages\/6940?add-to-cart=7501\" aria-label=\"Adicione ao carrinho: &ldquo;COVID-19&rdquo;\" data-quantity=\"1\" data-product_id=\"7501\" data-product_sku=\"\" data-price=\"109.9\" rel=\"nofollow\" class=\"wp-block-button__link  add_to_cart_button ajax_add_to_cart\">Adicionar ao carrinho<\/a><\/div>\n\t\t\t<\/li><li class=\"wc-block-grid__product\">\n\t\t\t\t<a href=\"https:\/\/felgoulart.com.br\/biosensi\/product\/brigada-de-incendios-avancado-norma-bombeiros-reciclagem-periodico\/\" class=\"wc-block-grid__product-link\">\n\t\t\t\t\t\n\t\t\t\t\t<div class=\"wc-block-grid__product-image\"><img decoding=\"async\" width=\"200\" height=\"112\" src=\"https:\/\/felgoulart.com.br\/biosensi\/wp-content\/uploads\/2025\/08\/i5yejr0uta2w4qlypd1c.webp\" class=\"attachment-woocommerce_thumbnail size-woocommerce_thumbnail\" alt=\"Brigada de Inc\u00eandios \u2013 Avan\u00e7ado Norma Bombeiros (Reciclagem \/ Peri\u00f3dico)\" \/><\/div>\n\t\t\t\t\t<div class=\"wc-block-grid__product-title\">Brigada de Inc\u00eandios \u2013 Avan\u00e7ado Norma Bombeiros (Reciclagem \/ Peri\u00f3dico)<\/div>\n\t\t\t\t<\/a>\n\t\t\t\t<div class=\"wc-block-grid__product-price price\"><span class=\"woocommerce-Price-amount amount\"><span class=\"woocommerce-Price-currencySymbol\">&#082;&#036;<\/span>&nbsp;179,90<\/span><\/div>\n\t\t\t\t\n\t\t\t\t<div class=\"wp-block-button wc-block-grid__product-add-to-cart\"><a href=\"\/biosensi\/wp-json\/wp\/v2\/pages\/6940?add-to-cart=7500\" aria-label=\"Adicione ao carrinho: &ldquo;Brigada de Inc\u00eandios \u2013 Avan\u00e7ado Norma Bombeiros (Reciclagem \/ Peri\u00f3dico)&rdquo;\" data-quantity=\"1\" data-product_id=\"7500\" data-product_sku=\"\" data-price=\"179.9\" rel=\"nofollow\" class=\"wp-block-button__link  add_to_cart_button ajax_add_to_cart\">Adicionar ao carrinho<\/a><\/div>\n\t\t\t<\/li><li class=\"wc-block-grid__product\">\n\t\t\t\t<a href=\"https:\/\/felgoulart.com.br\/biosensi\/product\/brigada-de-incendios-avancado-norma-bombeiros-formacao-inicial\/\" class=\"wc-block-grid__product-link\">\n\t\t\t\t\t\n\t\t\t\t\t<div class=\"wc-block-grid__product-image\"><img decoding=\"async\" width=\"200\" height=\"112\" src=\"https:\/\/felgoulart.com.br\/biosensi\/wp-content\/uploads\/2025\/08\/hzoh1nc2uuskdhmrduv9.webp\" class=\"attachment-woocommerce_thumbnail size-woocommerce_thumbnail\" alt=\"Brigada de Inc\u00eandios \u2013 Avan\u00e7ado Norma Bombeiros (Forma\u00e7\u00e3o \/ Inicial)\" \/><\/div>\n\t\t\t\t\t<div class=\"wc-block-grid__product-title\">Brigada de Inc\u00eandios \u2013 Avan\u00e7ado Norma Bombeiros (Forma\u00e7\u00e3o \/ Inicial)<\/div>\n\t\t\t\t<\/a>\n\t\t\t\t<div class=\"wc-block-grid__product-price price\"><span class=\"woocommerce-Price-amount amount\"><span class=\"woocommerce-Price-currencySymbol\">&#082;&#036;<\/span>&nbsp;209,90<\/span><\/div>\n\t\t\t\t\n\t\t\t\t<div class=\"wp-block-button wc-block-grid__product-add-to-cart\"><a href=\"\/biosensi\/wp-json\/wp\/v2\/pages\/6940?add-to-cart=7499\" aria-label=\"Adicione ao carrinho: &ldquo;Brigada de Inc\u00eandios \u2013 Avan\u00e7ado Norma Bombeiros (Forma\u00e7\u00e3o \/ Inicial)&rdquo;\" data-quantity=\"1\" data-product_id=\"7499\" data-product_sku=\"\" data-price=\"209.9\" rel=\"nofollow\" class=\"wp-block-button__link  add_to_cart_button ajax_add_to_cart\">Adicionar ao carrinho<\/a><\/div>\n\t\t\t<\/li><li class=\"wc-block-grid__product\">\n\t\t\t\t<a href=\"https:\/\/felgoulart.com.br\/biosensi\/product\/brigada-de-incendios-intermediario-norma-bombeiros-reciclagem-periodico\/\" class=\"wc-block-grid__product-link\">\n\t\t\t\t\t\n\t\t\t\t\t<div class=\"wc-block-grid__product-image\"><img loading=\"lazy\" decoding=\"async\" width=\"200\" height=\"112\" src=\"https:\/\/felgoulart.com.br\/biosensi\/wp-content\/uploads\/2025\/08\/ewhc7cmc12djq7rs23dw.webp\" class=\"attachment-woocommerce_thumbnail size-woocommerce_thumbnail\" alt=\"Brigada de Inc\u00eandios \u2013 Intermedi\u00e1rio Norma Bombeiros (Reciclagem \/ Peri\u00f3dico)\" \/><\/div>\n\t\t\t\t\t<div class=\"wc-block-grid__product-title\">Brigada de Inc\u00eandios \u2013 Intermedi\u00e1rio Norma Bombeiros (Reciclagem \/ Peri\u00f3dico)<\/div>\n\t\t\t\t<\/a>\n\t\t\t\t<div class=\"wc-block-grid__product-price price\"><span class=\"woocommerce-Price-amount amount\"><span class=\"woocommerce-Price-currencySymbol\">&#082;&#036;<\/span>&nbsp;179,90<\/span><\/div>\n\t\t\t\t\n\t\t\t\t<div class=\"wp-block-button wc-block-grid__product-add-to-cart\"><a href=\"\/biosensi\/wp-json\/wp\/v2\/pages\/6940?add-to-cart=7498\" aria-label=\"Adicione ao carrinho: &ldquo;Brigada de Inc\u00eandios \u2013 Intermedi\u00e1rio Norma Bombeiros (Reciclagem \/ Peri\u00f3dico)&rdquo;\" data-quantity=\"1\" data-product_id=\"7498\" data-product_sku=\"\" data-price=\"179.9\" rel=\"nofollow\" class=\"wp-block-button__link  add_to_cart_button ajax_add_to_cart\">Adicionar ao carrinho<\/a><\/div>\n\t\t\t<\/li><\/ul><\/div><\/div>\n<\/div>\n","protected":false},"excerpt":{"rendered":"","protected":false},"author":1,"featured_media":0,"parent":0,"menu_order":0,"comment_status":"closed","ping_status":"closed","template":"","meta":{"_acf_changed":false,"footnotes":""},"class_list":["post-6940","page","type-page","status-publish","hentry"],"acf":[],"_links":{"self":[{"href":"https:\/\/felgoulart.com.br\/biosensi\/wp-json\/wp\/v2\/pages\/6940","targetHints":{"allow":["GET"]}}],"collection":[{"href":"https:\/\/felgoulart.com.br\/biosensi\/wp-json\/wp\/v2\/pages"}],"about":[{"href":"https:\/\/felgoulart.com.br\/biosensi\/wp-json\/wp\/v2\/types\/page"}],"author":[{"embeddable":true,"href":"https:\/\/felgoulart.com.br\/biosensi\/wp-json\/wp\/v2\/users\/1"}],"replies":[{"embeddable":true,"href":"https:\/\/felgoulart.com.br\/biosensi\/wp-json\/wp\/v2\/comments?post=6940"}],"version-history":[{"count":2,"href":"https:\/\/felgoulart.com.br\/biosensi\/wp-json\/wp\/v2\/pages\/6940\/revisions"}],"predecessor-version":[{"id":7506,"href":"https:\/\/felgoulart.com.br\/biosensi\/wp-json\/wp\/v2\/pages\/6940\/revisions\/7506"}],"wp:attachment":[{"href":"https:\/\/felgoulart.com.br\/biosensi\/wp-json\/wp\/v2\/media?parent=6940"}],"curies":[{"name":"wp","href":"https:\/\/api.w.org\/{rel}","templated":true}]}}