{"id":7285,"date":"2025-08-18T05:11:00","date_gmt":"2025-08-18T05:11:00","guid":{"rendered":"https:\/\/felgoulart.com.br\/biosensi\/?page_id=7285"},"modified":"2025-08-25T12:30:45","modified_gmt":"2025-08-25T15:30:45","slug":"seguranca-do-trabalho","status":"publish","type":"page","link":"https:\/\/felgoulart.com.br\/biosensi\/servicos\/seguranca-do-trabalho\/","title":{"rendered":"Seguran\u00e7a do Trabalho"},"content":{"rendered":"\n<p class=\"has-large-font-size\"><strong>Seguran\u00e7a do Trabalho<\/strong><\/p>\n\n\n\n<div style=\"height:50px\" aria-hidden=\"true\" class=\"wp-block-spacer is-style-wide\"><\/div>\n\n\n\n<p>* Elabora\u00e7\u00e3o de Plano de Gest\u00e3o para implanta\u00e7\u00e3o das normas regulamentadoras do Minist\u00e9rio do Trabalho e emprego e adequa\u00e7\u00e3o ao E-social.<\/p>\n\n\n\n<p>* Elabora\u00e7\u00e3o de Laudos T\u00e9cnicos para atendimento ao M.T.E. e previd\u00eancia social (LTCAT, NR 20, NR 12, etc). <\/p>\n\n\n\n<p>* Elabora\u00e7\u00e3o e Gerenciamento de programas de Sa\u00fade e Seguran\u00e7a no Trabalho (PGR\/PPRA, PCMSO, PPR, PCA, PPEOB, PPP etc).<\/p>\n\n\n\n<p>* Higiene Ocupacional \u2013 Avalia\u00e7\u00e3o Quantitativa de Riscos Ambientais F\u00edsico (ru\u00eddo, calor, vibra\u00e7\u00e3o), Qu\u00edmico (poeira, fumos, nevoas, aerodispers\u00f3ides, neblina) e Biol\u00f3gico.<\/p>\n\n\n\n<p>* Elabora\u00e7\u00e3o de An\u00e1lise Ergon\u00f4mica do Trabalho para Preven\u00e7\u00e3o de LER\/ DORT, aumento da produtividade e redu\u00e7\u00e3o do absente\u00edsmo.<\/p>\n\n\n\n<p>* Implementa\u00e7\u00e3o e Assessoria do E-social para empresas.<\/p>\n\n\n\n<p>* Levantamento de perigos e riscos e ado\u00e7\u00e3o de controle para preven\u00e7\u00e3o as perdas.<\/p>\n\n\n\n<p>* Elabora\u00e7\u00e3o e desenvolvimento de metodologias de estudo de riscos (HAZOP, APP, APR, FMEA).<\/p>\n\n\n\n<p>* Execu\u00e7\u00e3o de projetos, monitoramento de Licen\u00e7a (AVCB) junto ao Corpo de Bombeiros e Projetos.<\/p>\n\n\n\n<p>* Elabora\u00e7\u00e3o e Treinamento de Plano de Emerg\u00eancia e Auxilio M\u00fatuo com realiza\u00e7\u00e3o de simulados.<\/p>\n","protected":false},"excerpt":{"rendered":"<p>Seguran\u00e7a do Trabalho * Elabora\u00e7\u00e3o de Plano de Gest\u00e3o para implanta\u00e7\u00e3o das normas regulamentadoras do Minist\u00e9rio do Trabalho e emprego e adequa\u00e7\u00e3o ao E-social. * Elabora\u00e7\u00e3o de Laudos T\u00e9cnicos para atendimento ao M.T.E. e previd\u00eancia social (LTCAT, NR 20, NR 12, etc). * Elabora\u00e7\u00e3o e Gerenciamento de programas de Sa\u00fade e Seguran\u00e7a no Trabalho (PGR\/PPRA, [&hellip;]<\/p>\n","protected":false},"author":1,"featured_media":0,"parent":7291,"menu_order":0,"comment_status":"closed","ping_status":"closed","template":"page-sidebar.php","meta":{"_acf_changed":false,"footnotes":""},"class_list":["post-7285","page","type-page","status-publish","hentry"],"acf":[],"_links":{"self":[{"href":"https:\/\/felgoulart.com.br\/biosensi\/wp-json\/wp\/v2\/pages\/7285","targetHints":{"allow":["GET"]}}],"collection":[{"href":"https:\/\/felgoulart.com.br\/biosensi\/wp-json\/wp\/v2\/pages"}],"about":[{"href":"https:\/\/felgoulart.com.br\/biosensi\/wp-json\/wp\/v2\/types\/page"}],"author":[{"embeddable":true,"href":"https:\/\/felgoulart.com.br\/biosensi\/wp-json\/wp\/v2\/users\/1"}],"replies":[{"embeddable":true,"href":"https:\/\/felgoulart.com.br\/biosensi\/wp-json\/wp\/v2\/comments?post=7285"}],"version-history":[{"count":10,"href":"https:\/\/felgoulart.com.br\/biosensi\/wp-json\/wp\/v2\/pages\/7285\/revisions"}],"predecessor-version":[{"id":7986,"href":"https:\/\/felgoulart.com.br\/biosensi\/wp-json\/wp\/v2\/pages\/7285\/revisions\/7986"}],"up":[{"embeddable":true,"href":"https:\/\/felgoulart.com.br\/biosensi\/wp-json\/wp\/v2\/pages\/7291"}],"wp:attachment":[{"href":"https:\/\/felgoulart.com.br\/biosensi\/wp-json\/wp\/v2\/media?parent=7285"}],"curies":[{"name":"wp","href":"https:\/\/api.w.org\/{rel}","templated":true}]}}