{"id":7350,"date":"2025-08-18T14:58:50","date_gmt":"2025-08-18T14:58:50","guid":{"rendered":"https:\/\/felgoulart.com.br\/biosensi\/?page_id=7350"},"modified":"2025-08-25T12:29:47","modified_gmt":"2025-08-25T15:29:47","slug":"gestao-ambiental","status":"publish","type":"page","link":"https:\/\/felgoulart.com.br\/biosensi\/servicos\/gestao-ambiental\/","title":{"rendered":"Gest\u00e3o Ambiental"},"content":{"rendered":"\n<p class=\"has-large-font-size\"><strong>Gest\u00e3o Ambiental<\/strong><\/p>\n\n\n\n<div style=\"height:50px\" aria-hidden=\"true\" class=\"wp-block-spacer is-style-wide\"><\/div>\n\n\n\n<p>* Licen\u00e7a Ambiental junto ao IBAMA, INEA, Prefeituras Municipais. <\/p>\n\n\n\n<p>* Estudos de Risco (Avalia\u00e7\u00e3o de Impacto Ambiental, Avalia\u00e7\u00e3o Preliminar, Avalia\u00e7\u00e3o Detalhada). <\/p>\n\n\n\n<p>* Investiga\u00e7\u00e3o Confirmat\u00f3ria. <\/p>\n\n\n\n<p>* Diagn\u00f3stico de Situa\u00e7\u00e3o Ambiental.<\/p>\n\n\n\n<p>* Monitoramento de Condicionantes Ambientais. <\/p>\n\n\n\n<p>* Auditoria Ambiental \u2014 DZ 056 R.3 E SMAC 550\/2014. <\/p>\n\n\n\n<p>* Laudo de Ru\u00eddo Externo\u2014NBR 10.151 e CONAMA 01\/86. <\/p>\n\n\n\n<p>* Monitoramento e Tratamento de Efluente Sanit\u00e1rio e Efluente Industrial.<\/p>\n\n\n\n<p>* Monitoramento e Tratamento de \u00c1gua. <\/p>\n\n\n\n<p>* Monitoramento de Emiss\u00f5es Atmosf\u00e9ricas e Emiss\u00f5es Gasosas. <\/p>\n\n\n\n<p>* Programas de Educa\u00e7\u00e3o Ambiental. <\/p>\n\n\n\n<p>* Programas de Responsabilidade Socioambiental. <\/p>\n\n\n\n<p>* Levantamento de Aspectos e Impactos e ado\u00e7\u00e3o de controle para preven\u00e7\u00e3o da polui\u00e7\u00e3o. <\/p>\n\n\n\n<p>* Elabora\u00e7\u00e3o de projetos de ETE\/ETA, realizando sua opera\u00e7\u00e3o de rotina. <\/p>\n\n\n\n<p>* Elabora\u00e7\u00e3o&nbsp;do Plano de Gerenciamento de Res\u00edduos S\u00f3lidos \u2013 PGRS. <\/p>\n\n\n\n<p>* Elabora\u00e7\u00e3o&nbsp;do Plano de Gerenciamento de Res\u00edduos para Constru\u00e7\u00e3o Civil \u2013 PGRCC. <\/p>\n\n\n\n<p>* Elabora\u00e7\u00e3o&nbsp;do Plano de Gerenciamento de Res\u00edduos para servi\u00e7os de Sa\u00fade \u2013 PGRSS.<\/p>\n\n\n\n<p><\/p>\n","protected":false},"excerpt":{"rendered":"<p>Gest\u00e3o Ambiental * Licen\u00e7a Ambiental junto ao IBAMA, INEA, Prefeituras Municipais. * Estudos de Risco (Avalia\u00e7\u00e3o de Impacto Ambiental, Avalia\u00e7\u00e3o Preliminar, Avalia\u00e7\u00e3o Detalhada). * Investiga\u00e7\u00e3o Confirmat\u00f3ria. * Diagn\u00f3stico de Situa\u00e7\u00e3o Ambiental. * Monitoramento de Condicionantes Ambientais. * Auditoria Ambiental \u2014 DZ 056 R.3 E SMAC 550\/2014. * Laudo de Ru\u00eddo Externo\u2014NBR 10.151 e CONAMA 01\/86. [&hellip;]<\/p>\n","protected":false},"author":1,"featured_media":0,"parent":7291,"menu_order":0,"comment_status":"closed","ping_status":"closed","template":"page-sidebar.php","meta":{"_acf_changed":false,"footnotes":""},"class_list":["post-7350","page","type-page","status-publish","hentry"],"acf":[],"_links":{"self":[{"href":"https:\/\/felgoulart.com.br\/biosensi\/wp-json\/wp\/v2\/pages\/7350","targetHints":{"allow":["GET"]}}],"collection":[{"href":"https:\/\/felgoulart.com.br\/biosensi\/wp-json\/wp\/v2\/pages"}],"about":[{"href":"https:\/\/felgoulart.com.br\/biosensi\/wp-json\/wp\/v2\/types\/page"}],"author":[{"embeddable":true,"href":"https:\/\/felgoulart.com.br\/biosensi\/wp-json\/wp\/v2\/users\/1"}],"replies":[{"embeddable":true,"href":"https:\/\/felgoulart.com.br\/biosensi\/wp-json\/wp\/v2\/comments?post=7350"}],"version-history":[{"count":7,"href":"https:\/\/felgoulart.com.br\/biosensi\/wp-json\/wp\/v2\/pages\/7350\/revisions"}],"predecessor-version":[{"id":7984,"href":"https:\/\/felgoulart.com.br\/biosensi\/wp-json\/wp\/v2\/pages\/7350\/revisions\/7984"}],"up":[{"embeddable":true,"href":"https:\/\/felgoulart.com.br\/biosensi\/wp-json\/wp\/v2\/pages\/7291"}],"wp:attachment":[{"href":"https:\/\/felgoulart.com.br\/biosensi\/wp-json\/wp\/v2\/media?parent=7350"}],"curies":[{"name":"wp","href":"https:\/\/api.w.org\/{rel}","templated":true}]}}