{"id":7353,"date":"2025-08-18T15:18:07","date_gmt":"2025-08-18T15:18:07","guid":{"rendered":"https:\/\/felgoulart.com.br\/biosensi\/?page_id=7353"},"modified":"2025-08-20T14:03:51","modified_gmt":"2025-08-20T17:03:51","slug":"projetos-de-comunicacao-e-educacao-ambiental","status":"publish","type":"page","link":"https:\/\/felgoulart.com.br\/biosensi\/servicos\/projetos-de-comunicacao-e-educacao-ambiental\/","title":{"rendered":"Projetos de Comunica\u00e7\u00e3o e Educa\u00e7\u00e3o Ambiental"},"content":{"rendered":"\n<p class=\"has-large-font-size\"><strong>Projetos de Comunica\u00e7\u00e3o e Educa\u00e7\u00e3o Ambiental<\/strong><\/p>\n\n\n\n<div style=\"height:50px\" aria-hidden=\"true\" class=\"wp-block-spacer is-style-wide\"><\/div>\n\n\n\n<p>Como aprimorar a comunica\u00e7\u00e3o da empresa e como torn\u00e1-la mas eficiente ambientalmente.<\/p>\n\n\n\n<p><strong><br><\/strong><\/p>\n\n\n\n<p><\/p>\n","protected":false},"excerpt":{"rendered":"<p>Projetos de Comunica\u00e7\u00e3o e Educa\u00e7\u00e3o Ambiental Como aprimorar a comunica\u00e7\u00e3o da empresa e como torn\u00e1-la mas eficiente ambientalmente.<\/p>\n","protected":false},"author":1,"featured_media":0,"parent":7291,"menu_order":0,"comment_status":"closed","ping_status":"closed","template":"page-sidebar.php","meta":{"_acf_changed":false,"footnotes":""},"class_list":["post-7353","page","type-page","status-publish","hentry"],"acf":[],"_links":{"self":[{"href":"https:\/\/felgoulart.com.br\/biosensi\/wp-json\/wp\/v2\/pages\/7353","targetHints":{"allow":["GET"]}}],"collection":[{"href":"https:\/\/felgoulart.com.br\/biosensi\/wp-json\/wp\/v2\/pages"}],"about":[{"href":"https:\/\/felgoulart.com.br\/biosensi\/wp-json\/wp\/v2\/types\/page"}],"author":[{"embeddable":true,"href":"https:\/\/felgoulart.com.br\/biosensi\/wp-json\/wp\/v2\/users\/1"}],"replies":[{"embeddable":true,"href":"https:\/\/felgoulart.com.br\/biosensi\/wp-json\/wp\/v2\/comments?post=7353"}],"version-history":[{"count":3,"href":"https:\/\/felgoulart.com.br\/biosensi\/wp-json\/wp\/v2\/pages\/7353\/revisions"}],"predecessor-version":[{"id":7557,"href":"https:\/\/felgoulart.com.br\/biosensi\/wp-json\/wp\/v2\/pages\/7353\/revisions\/7557"}],"up":[{"embeddable":true,"href":"https:\/\/felgoulart.com.br\/biosensi\/wp-json\/wp\/v2\/pages\/7291"}],"wp:attachment":[{"href":"https:\/\/felgoulart.com.br\/biosensi\/wp-json\/wp\/v2\/media?parent=7353"}],"curies":[{"name":"wp","href":"https:\/\/api.w.org\/{rel}","templated":true}]}}