{"id":7355,"date":"2025-08-18T15:20:20","date_gmt":"2025-08-18T15:20:20","guid":{"rendered":"https:\/\/felgoulart.com.br\/biosensi\/?page_id=7355"},"modified":"2025-08-20T14:04:17","modified_gmt":"2025-08-20T17:04:17","slug":"adequacao-das-nrs","status":"publish","type":"page","link":"https:\/\/felgoulart.com.br\/biosensi\/servicos\/adequacao-das-nrs\/","title":{"rendered":"Adequa\u00e7\u00e3o das NR&#8217;s"},"content":{"rendered":"\n<p class=\"has-large-font-size\"><strong>Adequa\u00e7\u00e3o das NR&#8217;s<\/strong><\/p>\n\n\n\n<div style=\"height:50px\" aria-hidden=\"true\" class=\"wp-block-spacer is-style-wide\"><\/div>\n\n\n\n<p>Adequa\u00e7\u00e3o das Normas Regulamentadoras na sua empresa e atendimento para respostas de fiscaliza\u00e7\u00e3o.<\/p>\n\n\n\n<p><strong><br><\/strong><\/p>\n","protected":false},"excerpt":{"rendered":"<p>Adequa\u00e7\u00e3o das NR&#8217;s Adequa\u00e7\u00e3o das Normas Regulamentadoras na sua empresa e atendimento para respostas de fiscaliza\u00e7\u00e3o.<\/p>\n","protected":false},"author":1,"featured_media":0,"parent":7291,"menu_order":0,"comment_status":"closed","ping_status":"closed","template":"page-sidebar.php","meta":{"_acf_changed":false,"footnotes":""},"class_list":["post-7355","page","type-page","status-publish","hentry"],"acf":[],"_links":{"self":[{"href":"https:\/\/felgoulart.com.br\/biosensi\/wp-json\/wp\/v2\/pages\/7355","targetHints":{"allow":["GET"]}}],"collection":[{"href":"https:\/\/felgoulart.com.br\/biosensi\/wp-json\/wp\/v2\/pages"}],"about":[{"href":"https:\/\/felgoulart.com.br\/biosensi\/wp-json\/wp\/v2\/types\/page"}],"author":[{"embeddable":true,"href":"https:\/\/felgoulart.com.br\/biosensi\/wp-json\/wp\/v2\/users\/1"}],"replies":[{"embeddable":true,"href":"https:\/\/felgoulart.com.br\/biosensi\/wp-json\/wp\/v2\/comments?post=7355"}],"version-history":[{"count":4,"href":"https:\/\/felgoulart.com.br\/biosensi\/wp-json\/wp\/v2\/pages\/7355\/revisions"}],"predecessor-version":[{"id":7566,"href":"https:\/\/felgoulart.com.br\/biosensi\/wp-json\/wp\/v2\/pages\/7355\/revisions\/7566"}],"up":[{"embeddable":true,"href":"https:\/\/felgoulart.com.br\/biosensi\/wp-json\/wp\/v2\/pages\/7291"}],"wp:attachment":[{"href":"https:\/\/felgoulart.com.br\/biosensi\/wp-json\/wp\/v2\/media?parent=7355"}],"curies":[{"name":"wp","href":"https:\/\/api.w.org\/{rel}","templated":true}]}}