{"id":7357,"date":"2025-08-18T15:20:53","date_gmt":"2025-08-18T15:20:53","guid":{"rendered":"https:\/\/felgoulart.com.br\/biosensi\/?page_id=7357"},"modified":"2025-08-20T14:04:10","modified_gmt":"2025-08-20T17:04:10","slug":"compliance-e-lgpd","status":"publish","type":"page","link":"https:\/\/felgoulart.com.br\/biosensi\/servicos\/compliance-e-lgpd\/","title":{"rendered":"Compliance e LGPD"},"content":{"rendered":"\n<p class=\"has-large-font-size\"><strong>Compliance e LGPD<\/strong><\/p>\n\n\n\n<p class=\"has-large-font-size\"><strong><br><\/strong><\/p>\n\n\n\n<div style=\"height:50px\" aria-hidden=\"true\" class=\"wp-block-spacer is-style-wide\"><\/div>\n\n\n\n<p class=\"has-large-font-size\"><\/p>\n\n\n\n<p>Adequa\u00e7\u00e3o e avalia\u00e7\u00e3o de conformidades e atendimento as partes interessadas.<\/p>\n","protected":false},"excerpt":{"rendered":"<p>Compliance e LGPD Adequa\u00e7\u00e3o e avalia\u00e7\u00e3o de conformidades e atendimento as partes interessadas.<\/p>\n","protected":false},"author":1,"featured_media":0,"parent":7291,"menu_order":0,"comment_status":"closed","ping_status":"closed","template":"page-sidebar.php","meta":{"_acf_changed":false,"footnotes":""},"class_list":["post-7357","page","type-page","status-publish","hentry"],"acf":[],"_links":{"self":[{"href":"https:\/\/felgoulart.com.br\/biosensi\/wp-json\/wp\/v2\/pages\/7357","targetHints":{"allow":["GET"]}}],"collection":[{"href":"https:\/\/felgoulart.com.br\/biosensi\/wp-json\/wp\/v2\/pages"}],"about":[{"href":"https:\/\/felgoulart.com.br\/biosensi\/wp-json\/wp\/v2\/types\/page"}],"author":[{"embeddable":true,"href":"https:\/\/felgoulart.com.br\/biosensi\/wp-json\/wp\/v2\/users\/1"}],"replies":[{"embeddable":true,"href":"https:\/\/felgoulart.com.br\/biosensi\/wp-json\/wp\/v2\/comments?post=7357"}],"version-history":[{"count":4,"href":"https:\/\/felgoulart.com.br\/biosensi\/wp-json\/wp\/v2\/pages\/7357\/revisions"}],"predecessor-version":[{"id":7565,"href":"https:\/\/felgoulart.com.br\/biosensi\/wp-json\/wp\/v2\/pages\/7357\/revisions\/7565"}],"up":[{"embeddable":true,"href":"https:\/\/felgoulart.com.br\/biosensi\/wp-json\/wp\/v2\/pages\/7291"}],"wp:attachment":[{"href":"https:\/\/felgoulart.com.br\/biosensi\/wp-json\/wp\/v2\/media?parent=7357"}],"curies":[{"name":"wp","href":"https:\/\/api.w.org\/{rel}","templated":true}]}}