{"id":7359,"date":"2025-08-18T15:21:33","date_gmt":"2025-08-18T15:21:33","guid":{"rendered":"https:\/\/felgoulart.com.br\/biosensi\/?page_id=7359"},"modified":"2025-08-20T14:04:05","modified_gmt":"2025-08-20T17:04:05","slug":"gestao-juridica","status":"publish","type":"page","link":"https:\/\/felgoulart.com.br\/biosensi\/servicos\/gestao-juridica\/","title":{"rendered":"Gest\u00e3o Jur\u00eddica"},"content":{"rendered":"\n<p class=\"has-large-font-size\"><strong>Gest\u00e3o Jur\u00eddica<\/strong><\/p>\n\n\n\n<div style=\"height:50px\" aria-hidden=\"true\" class=\"wp-block-spacer is-style-wide\"><\/div>\n\n\n\n<p>Gerenciamento de conformidade legal e assessoria jur\u00eddica.<\/p>\n\n\n\n<p><\/p>\n","protected":false},"excerpt":{"rendered":"<p>Gest\u00e3o Jur\u00eddica Gerenciamento de conformidade legal e assessoria jur\u00eddica.<\/p>\n","protected":false},"author":1,"featured_media":0,"parent":7291,"menu_order":0,"comment_status":"closed","ping_status":"closed","template":"page-sidebar.php","meta":{"_acf_changed":false,"footnotes":""},"class_list":["post-7359","page","type-page","status-publish","hentry"],"acf":[],"_links":{"self":[{"href":"https:\/\/felgoulart.com.br\/biosensi\/wp-json\/wp\/v2\/pages\/7359","targetHints":{"allow":["GET"]}}],"collection":[{"href":"https:\/\/felgoulart.com.br\/biosensi\/wp-json\/wp\/v2\/pages"}],"about":[{"href":"https:\/\/felgoulart.com.br\/biosensi\/wp-json\/wp\/v2\/types\/page"}],"author":[{"embeddable":true,"href":"https:\/\/felgoulart.com.br\/biosensi\/wp-json\/wp\/v2\/users\/1"}],"replies":[{"embeddable":true,"href":"https:\/\/felgoulart.com.br\/biosensi\/wp-json\/wp\/v2\/comments?post=7359"}],"version-history":[{"count":6,"href":"https:\/\/felgoulart.com.br\/biosensi\/wp-json\/wp\/v2\/pages\/7359\/revisions"}],"predecessor-version":[{"id":7554,"href":"https:\/\/felgoulart.com.br\/biosensi\/wp-json\/wp\/v2\/pages\/7359\/revisions\/7554"}],"up":[{"embeddable":true,"href":"https:\/\/felgoulart.com.br\/biosensi\/wp-json\/wp\/v2\/pages\/7291"}],"wp:attachment":[{"href":"https:\/\/felgoulart.com.br\/biosensi\/wp-json\/wp\/v2\/media?parent=7359"}],"curies":[{"name":"wp","href":"https:\/\/api.w.org\/{rel}","templated":true}]}}