{"id":7361,"date":"2025-08-18T15:23:18","date_gmt":"2025-08-18T15:23:18","guid":{"rendered":"https:\/\/felgoulart.com.br\/biosensi\/?page_id=7361"},"modified":"2025-08-20T14:04:03","modified_gmt":"2025-08-20T17:04:03","slug":"implementacao-de-normas-e-auditorias-2","status":"publish","type":"page","link":"https:\/\/felgoulart.com.br\/biosensi\/servicos\/implementacao-de-normas-e-auditorias-2\/","title":{"rendered":"Implementa\u00e7\u00e3o de Normas e Auditorias"},"content":{"rendered":"\n<p class=\"has-large-font-size\"><strong>Implementa\u00e7\u00e3o de Normas e Auditorias<\/strong><\/p>\n\n\n\n<div style=\"height:50px\" aria-hidden=\"true\" class=\"wp-block-spacer is-style-wide\"><\/div>\n\n\n\n<p>* Implementa\u00e7\u00e3o da ISO 9001:2015 \u2013 Sistema de Gest\u00e3o da Qualidade. <\/p>\n\n\n\n<p>* Implementa\u00e7\u00e3o da ISO 14001:2015 \u2013 Sistema de Gest\u00e3o Ambiental. <\/p>\n\n\n\n<p>* Implementa\u00e7\u00e3o da ISO 45001:2018 \u2013 Sistema de Gest\u00e3o de Seguran\u00e7a e Sa\u00fade Ocupacional. <\/p>\n\n\n\n<p>* Auditoria interna em sistemas de gest\u00e3o certificados. <\/p>\n\n\n\n<p>* Levantamento de requisitos legais para preven\u00e7\u00e3o de polui\u00e7\u00e3o e de acidente. <\/p>\n\n\n\n<p>* Implementa\u00e7\u00e3o de Sistema de Seguran\u00e7a para empresa de transporte de produtos perigosos. <\/p>\n\n\n\n<p>* Auditorias em processos relacionados ao uso e controle de produtos perigosos e controlados.<\/p>\n\n\n\n<p><strong><br><\/strong><\/p>\n","protected":false},"excerpt":{"rendered":"<p>Implementa\u00e7\u00e3o de Normas e Auditorias * Implementa\u00e7\u00e3o da ISO 9001:2015 \u2013 Sistema de Gest\u00e3o da Qualidade. * Implementa\u00e7\u00e3o da ISO 14001:2015 \u2013 Sistema de Gest\u00e3o Ambiental. * Implementa\u00e7\u00e3o da ISO 45001:2018 \u2013 Sistema de Gest\u00e3o de Seguran\u00e7a e Sa\u00fade Ocupacional. * Auditoria interna em sistemas de gest\u00e3o certificados. * Levantamento de requisitos legais para preven\u00e7\u00e3o [&hellip;]<\/p>\n","protected":false},"author":1,"featured_media":0,"parent":7291,"menu_order":0,"comment_status":"closed","ping_status":"closed","template":"page-sidebar.php","meta":{"_acf_changed":false,"footnotes":""},"class_list":["post-7361","page","type-page","status-publish","hentry"],"acf":[],"_links":{"self":[{"href":"https:\/\/felgoulart.com.br\/biosensi\/wp-json\/wp\/v2\/pages\/7361","targetHints":{"allow":["GET"]}}],"collection":[{"href":"https:\/\/felgoulart.com.br\/biosensi\/wp-json\/wp\/v2\/pages"}],"about":[{"href":"https:\/\/felgoulart.com.br\/biosensi\/wp-json\/wp\/v2\/types\/page"}],"author":[{"embeddable":true,"href":"https:\/\/felgoulart.com.br\/biosensi\/wp-json\/wp\/v2\/users\/1"}],"replies":[{"embeddable":true,"href":"https:\/\/felgoulart.com.br\/biosensi\/wp-json\/wp\/v2\/comments?post=7361"}],"version-history":[{"count":3,"href":"https:\/\/felgoulart.com.br\/biosensi\/wp-json\/wp\/v2\/pages\/7361\/revisions"}],"predecessor-version":[{"id":7562,"href":"https:\/\/felgoulart.com.br\/biosensi\/wp-json\/wp\/v2\/pages\/7361\/revisions\/7562"}],"up":[{"embeddable":true,"href":"https:\/\/felgoulart.com.br\/biosensi\/wp-json\/wp\/v2\/pages\/7291"}],"wp:attachment":[{"href":"https:\/\/felgoulart.com.br\/biosensi\/wp-json\/wp\/v2\/media?parent=7361"}],"curies":[{"name":"wp","href":"https:\/\/api.w.org\/{rel}","templated":true}]}}