{"id":7363,"date":"2025-08-18T15:24:15","date_gmt":"2025-08-18T15:24:15","guid":{"rendered":"https:\/\/felgoulart.com.br\/biosensi\/?page_id=7363"},"modified":"2025-08-20T14:04:07","modified_gmt":"2025-08-20T17:04:07","slug":"gerenciamento-de-legislacoes","status":"publish","type":"page","link":"https:\/\/felgoulart.com.br\/biosensi\/servicos\/gerenciamento-de-legislacoes\/","title":{"rendered":"Gerenciamento de Legisla\u00e7\u00f5es"},"content":{"rendered":"\n<p class=\"has-large-font-size\"><strong>Gerenciamento de Legisla\u00e7\u00f5es<\/strong><\/p>\n\n\n\n<p class=\"has-large-font-size\"><\/p>\n\n\n\n<div style=\"height:50px\" aria-hidden=\"true\" class=\"wp-block-spacer is-style-wide\"><\/div>\n\n\n\n<p class=\"has-large-font-size\"><strong><br><\/strong><\/p>\n\n\n\n<p>* Software de identifica\u00e7\u00e3o e gerenciamento de leis aplic\u00e1veis ao neg\u00f3cio. <\/p>\n\n\n\n<p>* Auditor dedicado para avalia\u00e7\u00e3o \u201cin loco\u201d para avalia\u00e7\u00e3o de conformidade. <\/p>\n\n\n\n<p>* Gest\u00e3o de leis aplic\u00e1veis \u00e0s partes interessadas por processo cr\u00edtico da empresa. <\/p>\n\n\n\n<p>* Auditoria de compliance.<\/p>\n","protected":false},"excerpt":{"rendered":"<p>Gerenciamento de Legisla\u00e7\u00f5es * Software de identifica\u00e7\u00e3o e gerenciamento de leis aplic\u00e1veis ao neg\u00f3cio. * Auditor dedicado para avalia\u00e7\u00e3o \u201cin loco\u201d para avalia\u00e7\u00e3o de conformidade. * Gest\u00e3o de leis aplic\u00e1veis \u00e0s partes interessadas por processo cr\u00edtico da empresa. * Auditoria de compliance.<\/p>\n","protected":false},"author":1,"featured_media":0,"parent":7291,"menu_order":0,"comment_status":"closed","ping_status":"closed","template":"page-sidebar.php","meta":{"_acf_changed":false,"footnotes":""},"class_list":["post-7363","page","type-page","status-publish","hentry"],"acf":[],"_links":{"self":[{"href":"https:\/\/felgoulart.com.br\/biosensi\/wp-json\/wp\/v2\/pages\/7363","targetHints":{"allow":["GET"]}}],"collection":[{"href":"https:\/\/felgoulart.com.br\/biosensi\/wp-json\/wp\/v2\/pages"}],"about":[{"href":"https:\/\/felgoulart.com.br\/biosensi\/wp-json\/wp\/v2\/types\/page"}],"author":[{"embeddable":true,"href":"https:\/\/felgoulart.com.br\/biosensi\/wp-json\/wp\/v2\/users\/1"}],"replies":[{"embeddable":true,"href":"https:\/\/felgoulart.com.br\/biosensi\/wp-json\/wp\/v2\/comments?post=7363"}],"version-history":[{"count":4,"href":"https:\/\/felgoulart.com.br\/biosensi\/wp-json\/wp\/v2\/pages\/7363\/revisions"}],"predecessor-version":[{"id":7564,"href":"https:\/\/felgoulart.com.br\/biosensi\/wp-json\/wp\/v2\/pages\/7363\/revisions\/7564"}],"up":[{"embeddable":true,"href":"https:\/\/felgoulart.com.br\/biosensi\/wp-json\/wp\/v2\/pages\/7291"}],"wp:attachment":[{"href":"https:\/\/felgoulart.com.br\/biosensi\/wp-json\/wp\/v2\/media?parent=7363"}],"curies":[{"name":"wp","href":"https:\/\/api.w.org\/{rel}","templated":true}]}}