{"id":77,"date":"2024-12-08T10:34:47","date_gmt":"2024-12-08T10:34:47","guid":{"rendered":"https:\/\/wp.rrdevs.net\/edcare\/?page_id=77"},"modified":"2025-08-20T16:21:05","modified_gmt":"2025-08-20T19:21:05","slug":"contato","status":"publish","type":"page","link":"https:\/\/felgoulart.com.br\/biosensi\/contato\/","title":{"rendered":"Contato"},"content":{"rendered":"\t\t<div data-elementor-type=\"wp-page\" data-elementor-id=\"77\" class=\"elementor elementor-77\" data-elementor-settings=\"{&quot;ha_cmc_init_switcher&quot;:&quot;no&quot;}\">\n\t\t\t\t<div class=\"elementor-element elementor-element-80b404c e-flex e-con-boxed e-con e-parent\" data-id=\"80b404c\" data-element_type=\"container\" data-settings=\"{&quot;_ha_eqh_enable&quot;:false}\">\n\t\t\t\t\t<div class=\"e-con-inner\">\n\t\t<div class=\"elementor-element elementor-element-8d9ebd9 e-con-full e-flex e-con e-child\" data-id=\"8d9ebd9\" data-element_type=\"container\" data-settings=\"{&quot;_ha_eqh_enable&quot;:false}\">\n\t\t<div class=\"elementor-element elementor-element-0d1802d e-con-full e-flex e-con e-child\" data-id=\"0d1802d\" data-element_type=\"container\" data-settings=\"{&quot;_ha_eqh_enable&quot;:false}\">\n\t\t\t\t<div class=\"elementor-element elementor-element-580ade3 elementor-widget elementor-widget-edcare_contact_form\" data-id=\"580ade3\" data-element_type=\"widget\" data-widget_type=\"edcare_contact_form.default\">\n\t\t\t\t<div class=\"elementor-widget-container\">\n\t\t\t\t\t\r\n\t\t\r\n            <div class=\"blog-contact-form contact-form\">\r\n                                    <h2 class=\"title mb-0\">\r\n                        Entre em contato                    <\/h2>\r\n                                                    <p class=\"mb-30 mt-10\">\r\n                        Preencha o formul\u00e1rio com seu nome, email, telefone(opcional) e mensagem que iremos responder o mais breve poss\u00edvel.                    <\/p>\r\n                                                    \n<div class=\"wpcf7 no-js\" id=\"wpcf7-f6-o1\" lang=\"en-US\" dir=\"ltr\" data-wpcf7-id=\"6\">\n<div class=\"screen-reader-response\"><p role=\"status\" aria-live=\"polite\" aria-atomic=\"true\"><\/p> <ul><\/ul><\/div>\n<form action=\"\/biosensi\/wp-json\/wp\/v2\/pages\/77#wpcf7-f6-o1\" method=\"post\" class=\"wpcf7-form init\" aria-label=\"Contact form\" novalidate=\"novalidate\" data-status=\"init\">\n<fieldset class=\"hidden-fields-container\"><input type=\"hidden\" name=\"_wpcf7\" value=\"6\" \/><input type=\"hidden\" name=\"_wpcf7_version\" value=\"6.1.1\" \/><input type=\"hidden\" name=\"_wpcf7_locale\" value=\"en_US\" \/><input type=\"hidden\" name=\"_wpcf7_unit_tag\" value=\"wpcf7-f6-o1\" \/><input type=\"hidden\" name=\"_wpcf7_container_post\" value=\"0\" \/><input type=\"hidden\" name=\"_wpcf7_posted_data_hash\" value=\"\" \/>\n<\/fieldset>\n<div class=\"request-form\">\n    <div class=\"form-horizontal\">\n        <div class=\"form-group row\">\n            <div class=\"col-md-12\">\n                <div class=\"form-item\">\n                    <span class=\"wpcf7-form-control-wrap\" data-name=\"your-name\"><input size=\"40\" maxlength=\"400\" class=\"wpcf7-form-control wpcf7-text wpcf7-validates-as-required form-control\" aria-required=\"true\" aria-invalid=\"false\" placeholder=\"Nome\" value=\"\" type=\"text\" name=\"your-name\" \/><\/span>\n                    <div class=\"icon\"><i class=\"fa-regular fa-user\"><\/i><\/div>\n                <\/div>\n            <\/div>\n            <div class=\"col-md-12\">\n                <div class=\"form-item\">\n                    <span class=\"wpcf7-form-control-wrap\" data-name=\"your-email\"><input size=\"40\" maxlength=\"400\" class=\"wpcf7-form-control wpcf7-email wpcf7-validates-as-required wpcf7-text wpcf7-validates-as-email form-control\" aria-required=\"true\" aria-invalid=\"false\" placeholder=\"E-mail\" value=\"\" type=\"email\" name=\"your-email\" \/><\/span>\n                    <div class=\"icon\"><i class=\"fa-sharp fa-regular fa-envelope\"><\/i><\/div>\n                <\/div>\n            <\/div>\n        <\/div>\n        <div class=\"form-group row\">\n            <div class=\"col-md-12\">\n                <div class=\"form-item\">\n                    <span class=\"wpcf7-form-control-wrap\" data-name=\"tel-476\"><input size=\"40\" maxlength=\"400\" class=\"wpcf7-form-control wpcf7-tel wpcf7-text wpcf7-validates-as-tel form-control\" aria-invalid=\"false\" placeholder=\"Telefone\" value=\"\" type=\"tel\" name=\"tel-476\" \/><\/span>\n                    <div class=\"icon\"><i class=\"fa-regular fa-phone\"><\/i><\/div>\n                <\/div>\n            <\/div>\n        <\/div>\n\n\n        <div class=\"form-group row\">\n            <div class=\"col-md-12\">\n                <div class=\"form-item message-item\">\n                    <span class=\"wpcf7-form-control-wrap\" data-name=\"your-message\"><textarea cols=\"40\" rows=\"10\" maxlength=\"2000\" class=\"wpcf7-form-control wpcf7-textarea wpcf7-validates-as-required form-control\" aria-required=\"true\" aria-invalid=\"false\" placeholder=\"Mensagem\" name=\"your-message\"><\/textarea><\/span>\n                    <div class=\"icon\"><i class=\"fa-light fa-messages\"><\/i><\/div>\n                <\/div>\n            <\/div>\n        <\/div>\n        <div class=\"submit-btn\">\n            <button id=\"submit\" class=\"ed-primary-btn\" type=\"submit\">Enviar<\/button>\n        <\/div>\n    <\/div>\n<\/div><div class=\"wpcf7-response-output\" aria-hidden=\"true\"><\/div>\n<\/form>\n<\/div>\n\r\n                            <\/div>\r\n\r\n\t\t\r\n        \t\t\t\t<\/div>\n\t\t\t\t<\/div>\n\t\t\t\t<\/div>\n\t\t<div class=\"elementor-element elementor-element-183f7f1 e-con-full e-flex e-con e-child\" data-id=\"183f7f1\" data-element_type=\"container\" data-settings=\"{&quot;background_background&quot;:&quot;classic&quot;,&quot;_ha_eqh_enable&quot;:false}\">\n\t\t\t\t<div class=\"elementor-element elementor-element-2e64664 elementor-widget elementor-widget-edcare_contact_info\" data-id=\"2e64664\" data-element_type=\"widget\" data-widget_type=\"edcare_contact_info.default\">\n\t\t\t\t<div class=\"elementor-widget-container\">\n\t\t\t\t\t\r\n            <div class=\"contact-content\">\r\n                <div class=\"contact-top\">\r\n                                            <h3 class=\"title\">\r\n                            Informa\u00e7\u00f5es                        <\/h3>\r\n                                                                <p>Estamos aguardando o seu contato.<\/p>\r\n                                    <\/div>\r\n                <div class=\"contact-list\">\r\n                                            <div class=\"list-item\">\r\n                                                            <div class=\"icon\">\r\n                                    <svg aria-hidden=\"true\" class=\"e-font-icon-svg e-fas-phone-alt\" viewBox=\"0 0 512 512\" xmlns=\"http:\/\/www.w3.org\/2000\/svg\"><path d=\"M497.39 361.8l-112-48a24 24 0 0 0-28 6.9l-49.6 60.6A370.66 370.66 0 0 1 130.6 204.11l60.6-49.6a23.94 23.94 0 0 0 6.9-28l-48-112A24.16 24.16 0 0 0 122.6.61l-104 24A24 24 0 0 0 0 48c0 256.5 207.9 464 464 464a24 24 0 0 0 23.4-18.6l24-104a24.29 24.29 0 0 0-14.01-27.6z\"><\/path><\/svg>                                <\/div>\r\n                                                        <div class=\"content\">\r\n                                <h4 class=\"title\">Telefone<\/h4>\r\n                                                                    <span>\r\n                                        <a href=\"tel:\">\r\n                                            <a href=\"https:\/\/wa.me\/+5521980330090\">(021) 98033-0090<\/a>                                        <\/a>\r\n                                    <\/span>\r\n                                    <span>\r\n                                        <a href=\"mailto:(021) 99395-4141\">\r\n                                            (021) 99395-4141                                        <\/a>\r\n                                    <\/span>\r\n                                                            <\/div>\r\n                        <\/div>\r\n                                            <div class=\"list-item\">\r\n                                                            <div class=\"icon\">\r\n                                    <svg aria-hidden=\"true\" class=\"e-font-icon-svg e-fas-mail-bulk\" viewBox=\"0 0 576 512\" xmlns=\"http:\/\/www.w3.org\/2000\/svg\"><path d=\"M160 448c-25.6 0-51.2-22.4-64-32-64-44.8-83.2-60.8-96-70.4V480c0 17.67 14.33 32 32 32h256c17.67 0 32-14.33 32-32V345.6c-12.8 9.6-32 25.6-96 70.4-12.8 9.6-38.4 32-64 32zm128-192H32c-17.67 0-32 14.33-32 32v16c25.6 19.2 22.4 19.2 115.2 86.4 9.6 6.4 28.8 25.6 44.8 25.6s35.2-19.2 44.8-22.4c92.8-67.2 89.6-67.2 115.2-86.4V288c0-17.67-14.33-32-32-32zm256-96H224c-17.67 0-32 14.33-32 32v32h96c33.21 0 60.59 25.42 63.71 57.82l.29-.22V416h192c17.67 0 32-14.33 32-32V192c0-17.67-14.33-32-32-32zm-32 128h-64v-64h64v64zm-352-96c0-35.29 28.71-64 64-64h224V32c0-17.67-14.33-32-32-32H96C78.33 0 64 14.33 64 32v192h96v-32z\"><\/path><\/svg>                                <\/div>\r\n                                                        <div class=\"content\">\r\n                                <h4 class=\"title\">Email<\/h4>\r\n                                                                    <span>\r\n                                        <a href=\"tel:\">\r\n                                            contato@biosensi.com.br                                        <\/a>\r\n                                    <\/span>\r\n                                    <span>\r\n                                        <a href=\"mailto:\">\r\n                                                                                    <\/a>\r\n                                    <\/span>\r\n                                                            <\/div>\r\n                        <\/div>\r\n                                            <div class=\"list-item\">\r\n                                                            <div class=\"icon\">\r\n                                    <svg aria-hidden=\"true\" class=\"e-font-icon-svg e-fas-clock\" viewBox=\"0 0 512 512\" xmlns=\"http:\/\/www.w3.org\/2000\/svg\"><path d=\"M256,8C119,8,8,119,8,256S119,504,256,504,504,393,504,256,393,8,256,8Zm92.49,313h0l-20,25a16,16,0,0,1-22.49,2.5h0l-67-49.72a40,40,0,0,1-15-31.23V112a16,16,0,0,1,16-16h32a16,16,0,0,1,16,16V256l58,42.5A16,16,0,0,1,348.49,321Z\"><\/path><\/svg>                                <\/div>\r\n                                                        <div class=\"content\">\r\n                                <h4 class=\"title\">Hor\u00e1rio<\/h4>\r\n                                                                    <span>Segunda - Sexta: 08:30 - 17:30<\/span>\r\n                                    <span>S\u00e1bado e Domingo: Fechado<\/span>\r\n                                                            <\/div>\r\n                        <\/div>\r\n                                    <\/div>\r\n            <\/div>\r\n\r\n        \t\t\t\t<\/div>\n\t\t\t\t<\/div>\n\t\t\t\t<\/div>\n\t\t\t\t<\/div>\n\t\t\t\t\t<\/div>\n\t\t\t\t<\/div>\n\t\t\t\t<\/div>\n\t\t","protected":false},"excerpt":{"rendered":"<p>Entre em contato Preencha o formul\u00e1rio com seu nome, email, telefone(opcional) e mensagem que iremos responder o mais breve poss\u00edvel. Enviar Informa\u00e7\u00f5es Estamos aguardando o seu contato. Telefone (021) 98033-0090 (021) 99395-4141 Email contato@biosensi.com.br Hor\u00e1rio Segunda &#8211; Sexta: 08:30 &#8211; 17:30 S\u00e1bado e Domingo: Fechado<\/p>\n","protected":false},"author":1,"featured_media":0,"parent":0,"menu_order":0,"comment_status":"closed","ping_status":"closed","template":"elementor_header_footer","meta":{"_acf_changed":false,"footnotes":""},"class_list":["post-77","page","type-page","status-publish","hentry"],"acf":[],"_links":{"self":[{"href":"https:\/\/felgoulart.com.br\/biosensi\/wp-json\/wp\/v2\/pages\/77","targetHints":{"allow":["GET"]}}],"collection":[{"href":"https:\/\/felgoulart.com.br\/biosensi\/wp-json\/wp\/v2\/pages"}],"about":[{"href":"https:\/\/felgoulart.com.br\/biosensi\/wp-json\/wp\/v2\/types\/page"}],"author":[{"embeddable":true,"href":"https:\/\/felgoulart.com.br\/biosensi\/wp-json\/wp\/v2\/users\/1"}],"replies":[{"embeddable":true,"href":"https:\/\/felgoulart.com.br\/biosensi\/wp-json\/wp\/v2\/comments?post=77"}],"version-history":[{"count":13,"href":"https:\/\/felgoulart.com.br\/biosensi\/wp-json\/wp\/v2\/pages\/77\/revisions"}],"predecessor-version":[{"id":7623,"href":"https:\/\/felgoulart.com.br\/biosensi\/wp-json\/wp\/v2\/pages\/77\/revisions\/7623"}],"wp:attachment":[{"href":"https:\/\/felgoulart.com.br\/biosensi\/wp-json\/wp\/v2\/media?parent=77"}],"curies":[{"name":"wp","href":"https:\/\/api.w.org\/{rel}","templated":true}]}}