{"id":7190,"date":"2025-08-18T02:28:40","date_gmt":"2025-08-18T02:28:40","guid":{"rendered":"https:\/\/felgoulart.com.br\/biosensi\/?post_type=product&#038;p=7190"},"modified":"2025-08-24T23:53:30","modified_gmt":"2025-08-25T02:53:30","slug":"5s-os-cincos-sensos","status":"publish","type":"product","link":"https:\/\/felgoulart.com.br\/biosensi\/product\/5s-os-cincos-sensos\/","title":{"rendered":"5S \u2013 Os cincos Sensos"},"content":{"rendered":"","protected":false},"excerpt":{"rendered":"<p><span style=\"color: #555555;\">O curso aborda como garantir uma gest\u00e3o de qualidade por meio da metodologia 5S. Um m\u00e9todo r\u00e1pido, econ\u00f4mico, eficaz e mundialmente utilizado em organiza\u00e7\u00f5es.\u00a0Neste curso, o aluno ser\u00e1 capacitado a aplicar a metodologia dentro da empresa onde atua e no dia a dia da sua vida.<\/span><\/p>\n","protected":false},"featured_media":7197,"template":"","meta":{"_acf_changed":false},"product_brand":[],"product_cat":[16],"product_tag":[],"class_list":{"0":"post-7190","1":"product","2":"type-product","3":"status-publish","4":"has-post-thumbnail","6":"product_cat-uncategorized","8":"first","9":"instock","10":"virtual","11":"sold-individually","12":"purchasable","13":"product-type-simple"},"acf":[],"_links":{"self":[{"href":"https:\/\/felgoulart.com.br\/biosensi\/wp-json\/wp\/v2\/product\/7190","targetHints":{"allow":["GET"]}}],"collection":[{"href":"https:\/\/felgoulart.com.br\/biosensi\/wp-json\/wp\/v2\/product"}],"about":[{"href":"https:\/\/felgoulart.com.br\/biosensi\/wp-json\/wp\/v2\/types\/product"}],"wp:featuredmedia":[{"embeddable":true,"href":"https:\/\/felgoulart.com.br\/biosensi\/wp-json\/wp\/v2\/media\/7197"}],"wp:attachment":[{"href":"https:\/\/felgoulart.com.br\/biosensi\/wp-json\/wp\/v2\/media?parent=7190"}],"wp:term":[{"taxonomy":"product_brand","embeddable":true,"href":"https:\/\/felgoulart.com.br\/biosensi\/wp-json\/wp\/v2\/product_brand?post=7190"},{"taxonomy":"product_cat","embeddable":true,"href":"https:\/\/felgoulart.com.br\/biosensi\/wp-json\/wp\/v2\/product_cat?post=7190"},{"taxonomy":"product_tag","embeddable":true,"href":"https:\/\/felgoulart.com.br\/biosensi\/wp-json\/wp\/v2\/product_tag?post=7190"}],"curies":[{"name":"wp","href":"https:\/\/api.w.org\/{rel}","templated":true}]}}