{"id":7236,"date":"2025-08-18T03:53:52","date_gmt":"2025-08-18T03:53:52","guid":{"rendered":"https:\/\/felgoulart.com.br\/biosensi\/?post_type=product&#038;p=7236"},"modified":"2025-08-24T23:51:58","modified_gmt":"2025-08-25T02:51:58","slug":"nr35-trabalho-em-altura-trabalhador-formacao-inicial","status":"publish","type":"product","link":"https:\/\/felgoulart.com.br\/biosensi\/product\/nr35-trabalho-em-altura-trabalhador-formacao-inicial\/","title":{"rendered":"NR35 \u2013 Trabalho em Altura \u2013 Trabalhador (Forma\u00e7\u00e3o \/ Inicial)"},"content":{"rendered":"","protected":false},"excerpt":{"rendered":"<p>Um curso que aborda as principais especifica\u00e7\u00f5es relacionadas ao trabalho em altura. Est\u00e1 em conformidade a Norma Regulamentadora \u2013 NR 35 e possui certificado v\u00e1lido em todo Brasil \u2013 portaria 008\/02 da Secretaria de Estado da Educa\u00e7\u00e3o e do Desporto de Santa Catarina. Neste curso, o aluno ser\u00e1 capacitado para atuar com seguran\u00e7a no trabalho em altura correspondente \u00e0 sua fun\u00e7\u00e3o.<\/p>\n<p>Ap\u00f3s este treinamento o aluno estar\u00e1 apto a:<\/p>\n<p>\u00b7\u00a0\u00a0\u00a0\u00a0\u00a0\u00a0\u00a0\u00a0\u00a0\u00a0\u00a0\u00a0\u00a0 Utilizar corretamente os EPIs e os dispositivos de seguran\u00e7a no Trabalho em Altura;<\/p>\n<p>\u00b7\u00a0\u00a0\u00a0\u00a0\u00a0\u00a0\u00a0\u00a0\u00a0\u00a0\u00a0\u00a0\u00a0 Conhecimento dos procedimentos para Trabalho em Altura;<\/p>\n<p>\u00b7\u00a0\u00a0\u00a0\u00a0\u00a0\u00a0\u00a0\u00a0\u00a0\u00a0\u00a0\u00a0\u00a0 Realizar atividade em altura.<\/p>\n","protected":false},"featured_media":7237,"template":"","meta":{"_acf_changed":false},"product_brand":[],"product_cat":[16],"product_tag":[],"class_list":{"0":"post-7236","1":"product","2":"type-product","3":"status-publish","4":"has-post-thumbnail","6":"product_cat-uncategorized","8":"first","9":"instock","10":"virtual","11":"sold-individually","12":"purchasable","13":"product-type-simple"},"acf":[],"_links":{"self":[{"href":"https:\/\/felgoulart.com.br\/biosensi\/wp-json\/wp\/v2\/product\/7236","targetHints":{"allow":["GET"]}}],"collection":[{"href":"https:\/\/felgoulart.com.br\/biosensi\/wp-json\/wp\/v2\/product"}],"about":[{"href":"https:\/\/felgoulart.com.br\/biosensi\/wp-json\/wp\/v2\/types\/product"}],"wp:featuredmedia":[{"embeddable":true,"href":"https:\/\/felgoulart.com.br\/biosensi\/wp-json\/wp\/v2\/media\/7237"}],"wp:attachment":[{"href":"https:\/\/felgoulart.com.br\/biosensi\/wp-json\/wp\/v2\/media?parent=7236"}],"wp:term":[{"taxonomy":"product_brand","embeddable":true,"href":"https:\/\/felgoulart.com.br\/biosensi\/wp-json\/wp\/v2\/product_brand?post=7236"},{"taxonomy":"product_cat","embeddable":true,"href":"https:\/\/felgoulart.com.br\/biosensi\/wp-json\/wp\/v2\/product_cat?post=7236"},{"taxonomy":"product_tag","embeddable":true,"href":"https:\/\/felgoulart.com.br\/biosensi\/wp-json\/wp\/v2\/product_tag?post=7236"}],"curies":[{"name":"wp","href":"https:\/\/api.w.org\/{rel}","templated":true}]}}