{"id":7240,"date":"2025-08-18T04:12:48","date_gmt":"2025-08-18T04:12:48","guid":{"rendered":"https:\/\/felgoulart.com.br\/biosensi\/?post_type=product&#038;p=7240"},"modified":"2025-08-24T23:43:18","modified_gmt":"2025-08-25T02:43:18","slug":"atendimento-pre-hospitalar-primeiros-socorros-basico","status":"publish","type":"product","link":"https:\/\/felgoulart.com.br\/biosensi\/product\/atendimento-pre-hospitalar-primeiros-socorros-basico\/","title":{"rendered":"Atendimento Pr\u00e9 Hospitalar (Primeiros Socorros) B\u00e1sico"},"content":{"rendered":"","protected":false},"excerpt":{"rendered":"<section id=\"objetivos\" class=\"ng-scope\">\n<section id=\"objetivos\" class=\"ng-scope\">Capacitar o aluno na realiza\u00e7\u00e3o de a\u00e7\u00f5es emergenciais em caso de acidentes industriais ou dom\u00e9sticos. Embora o conte\u00fado do curso esteja aberto a todos os interessados em ingressar nesta \u00e1rea, alunos com experi\u00eancia anterior em \u00e1reas afins ter\u00e3o melhor aproveitamento devido \u00e0 sua realidade profissional.<\/section>\n<section id=\"conteudo\" class=\"ng-scope\"><\/section>\n<\/section>\n<section id=\"conteudo\" class=\"ng-scope\"><\/section>\n","protected":false},"featured_media":7241,"template":"","meta":{"_acf_changed":false},"product_brand":[],"product_cat":[16],"product_tag":[],"class_list":{"0":"post-7240","1":"product","2":"type-product","3":"status-publish","4":"has-post-thumbnail","6":"product_cat-uncategorized","8":"first","9":"instock","10":"virtual","11":"sold-individually","12":"purchasable","13":"product-type-simple"},"acf":[],"_links":{"self":[{"href":"https:\/\/felgoulart.com.br\/biosensi\/wp-json\/wp\/v2\/product\/7240","targetHints":{"allow":["GET"]}}],"collection":[{"href":"https:\/\/felgoulart.com.br\/biosensi\/wp-json\/wp\/v2\/product"}],"about":[{"href":"https:\/\/felgoulart.com.br\/biosensi\/wp-json\/wp\/v2\/types\/product"}],"wp:featuredmedia":[{"embeddable":true,"href":"https:\/\/felgoulart.com.br\/biosensi\/wp-json\/wp\/v2\/media\/7241"}],"wp:attachment":[{"href":"https:\/\/felgoulart.com.br\/biosensi\/wp-json\/wp\/v2\/media?parent=7240"}],"wp:term":[{"taxonomy":"product_brand","embeddable":true,"href":"https:\/\/felgoulart.com.br\/biosensi\/wp-json\/wp\/v2\/product_brand?post=7240"},{"taxonomy":"product_cat","embeddable":true,"href":"https:\/\/felgoulart.com.br\/biosensi\/wp-json\/wp\/v2\/product_cat?post=7240"},{"taxonomy":"product_tag","embeddable":true,"href":"https:\/\/felgoulart.com.br\/biosensi\/wp-json\/wp\/v2\/product_tag?post=7240"}],"curies":[{"name":"wp","href":"https:\/\/api.w.org\/{rel}","templated":true}]}}