{"id":7242,"date":"2025-08-18T04:14:46","date_gmt":"2025-08-18T04:14:46","guid":{"rendered":"https:\/\/felgoulart.com.br\/biosensi\/?post_type=product&#038;p=7242"},"modified":"2025-08-24T23:42:09","modified_gmt":"2025-08-25T02:42:09","slug":"avaliacao-geral-da-cena","status":"publish","type":"product","link":"https:\/\/felgoulart.com.br\/biosensi\/product\/avaliacao-geral-da-cena\/","title":{"rendered":"Avalia\u00e7\u00e3o Geral da Cena"},"content":{"rendered":"","protected":false},"excerpt":{"rendered":"<section id=\"objetivos\" class=\"ng-scope\">\n<section id=\"objetivos\" class=\"ng-scope\">\n<section id=\"objetivos\" class=\"ng-scope\">\n<section id=\"objetivos\" class=\"ng-scope\">Este curso tem como objetivos\u00a0torn\u00e1-lo apto a realizar a avalia\u00e7\u00e3o geral do paciente; diferenciar Avalia\u00e7\u00e3o Dirigida para trauma de Avalia\u00e7\u00e3o dirigida para emerg\u00eancia m\u00e9dica; aferir sinais vitais.<\/section>\n<section id=\"conteudo\" class=\"ng-scope\"><\/section>\n<\/section>\n<section id=\"conteudo\" class=\"ng-scope\"><\/section>\n<\/section>\n<section id=\"conteudo\" class=\"ng-scope\"><\/section>\n<\/section>\n<section id=\"conteudo\" class=\"ng-scope\"><\/section>\n","protected":false},"featured_media":7245,"template":"","meta":{"_acf_changed":false},"product_brand":[],"product_cat":[16],"product_tag":[],"class_list":{"0":"post-7242","1":"product","2":"type-product","3":"status-publish","4":"has-post-thumbnail","6":"product_cat-uncategorized","8":"first","9":"instock","10":"virtual","11":"sold-individually","12":"purchasable","13":"product-type-simple"},"acf":[],"_links":{"self":[{"href":"https:\/\/felgoulart.com.br\/biosensi\/wp-json\/wp\/v2\/product\/7242","targetHints":{"allow":["GET"]}}],"collection":[{"href":"https:\/\/felgoulart.com.br\/biosensi\/wp-json\/wp\/v2\/product"}],"about":[{"href":"https:\/\/felgoulart.com.br\/biosensi\/wp-json\/wp\/v2\/types\/product"}],"wp:featuredmedia":[{"embeddable":true,"href":"https:\/\/felgoulart.com.br\/biosensi\/wp-json\/wp\/v2\/media\/7245"}],"wp:attachment":[{"href":"https:\/\/felgoulart.com.br\/biosensi\/wp-json\/wp\/v2\/media?parent=7242"}],"wp:term":[{"taxonomy":"product_brand","embeddable":true,"href":"https:\/\/felgoulart.com.br\/biosensi\/wp-json\/wp\/v2\/product_brand?post=7242"},{"taxonomy":"product_cat","embeddable":true,"href":"https:\/\/felgoulart.com.br\/biosensi\/wp-json\/wp\/v2\/product_cat?post=7242"},{"taxonomy":"product_tag","embeddable":true,"href":"https:\/\/felgoulart.com.br\/biosensi\/wp-json\/wp\/v2\/product_tag?post=7242"}],"curies":[{"name":"wp","href":"https:\/\/api.w.org\/{rel}","templated":true}]}}