{"id":7248,"date":"2025-08-18T04:24:49","date_gmt":"2025-08-18T04:24:49","guid":{"rendered":"https:\/\/felgoulart.com.br\/biosensi\/?post_type=product&#038;p=7248"},"modified":"2025-08-24T23:39:02","modified_gmt":"2025-08-25T02:39:02","slug":"direcao-preventiva","status":"publish","type":"product","link":"https:\/\/felgoulart.com.br\/biosensi\/product\/direcao-preventiva\/","title":{"rendered":"Dire\u00e7\u00e3o Preventiva para Carros e Motos"},"content":{"rendered":"","protected":false},"excerpt":{"rendered":"<section id=\"objetivos\" class=\"ng-scope\">\n<section id=\"objetivos\" class=\"ng-scope\">\n<section id=\"objetivos\" class=\"ng-scope\">\n<section id=\"objetivos\" class=\"ng-scope\">\n<section id=\"objetivos\" class=\"ng-scope\">\n<section id=\"objetivos\" class=\"ng-scope\">Este curso t\u00eam como objetivo capacitar os motoristas profissionais para a condu\u00e7\u00e3o de ve\u00edculos de forma preventiva, evitar comportamentos inadequado durante a condu\u00e7\u00e3o e evitar acidentes de tr\u00e2nsito.<\/section>\n<section id=\"conteudo\" class=\"ng-scope\"><\/section>\n<\/section>\n<section id=\"conteudo\" class=\"ng-scope\"><\/section>\n<\/section>\n<section id=\"conteudo\" class=\"ng-scope\"><\/section>\n<\/section>\n<section id=\"conteudo\" class=\"ng-scope\"><\/section>\n<\/section>\n<section id=\"conteudo\" class=\"ng-scope\"><\/section>\n<\/section>\n<section id=\"conteudo\" class=\"ng-scope\"><\/section>\n","protected":false},"featured_media":7249,"template":"","meta":{"_acf_changed":false},"product_brand":[],"product_cat":[16],"product_tag":[],"class_list":{"0":"post-7248","1":"product","2":"type-product","3":"status-publish","4":"has-post-thumbnail","6":"product_cat-uncategorized","8":"first","9":"instock","10":"virtual","11":"sold-individually","12":"purchasable","13":"product-type-simple"},"acf":[],"_links":{"self":[{"href":"https:\/\/felgoulart.com.br\/biosensi\/wp-json\/wp\/v2\/product\/7248","targetHints":{"allow":["GET"]}}],"collection":[{"href":"https:\/\/felgoulart.com.br\/biosensi\/wp-json\/wp\/v2\/product"}],"about":[{"href":"https:\/\/felgoulart.com.br\/biosensi\/wp-json\/wp\/v2\/types\/product"}],"wp:featuredmedia":[{"embeddable":true,"href":"https:\/\/felgoulart.com.br\/biosensi\/wp-json\/wp\/v2\/media\/7249"}],"wp:attachment":[{"href":"https:\/\/felgoulart.com.br\/biosensi\/wp-json\/wp\/v2\/media?parent=7248"}],"wp:term":[{"taxonomy":"product_brand","embeddable":true,"href":"https:\/\/felgoulart.com.br\/biosensi\/wp-json\/wp\/v2\/product_brand?post=7248"},{"taxonomy":"product_cat","embeddable":true,"href":"https:\/\/felgoulart.com.br\/biosensi\/wp-json\/wp\/v2\/product_cat?post=7248"},{"taxonomy":"product_tag","embeddable":true,"href":"https:\/\/felgoulart.com.br\/biosensi\/wp-json\/wp\/v2\/product_tag?post=7248"}],"curies":[{"name":"wp","href":"https:\/\/api.w.org\/{rel}","templated":true}]}}