{"id":7446,"date":"2025-08-18T15:53:21","date_gmt":"2025-08-18T18:53:21","guid":{"rendered":"https:\/\/felgoulart.com.br\/biosensi\/product\/nr1-disposicoes-gerais\/"},"modified":"2025-08-24T23:34:39","modified_gmt":"2025-08-25T02:34:39","slug":"nr1-disposicoes-gerais","status":"publish","type":"product","link":"https:\/\/felgoulart.com.br\/biosensi\/product\/nr1-disposicoes-gerais\/","title":{"rendered":"NR1 \u2013 Disposi\u00e7\u00f5es Gerais"},"content":{"rendered":"","protected":false},"excerpt":{"rendered":"<p>O curso aborda os aspectos gerais da NR1. Ao final deste treinamento voc\u00ea dever\u00e1 ser capaz de identificar onde as NRs se aplicam e quem s\u00e3o os respons\u00e1veis pelo seu cumprimento.<\/p>\n","protected":false},"featured_media":7917,"template":"","meta":{"_acf_changed":false},"product_brand":[],"product_cat":[16],"product_tag":[],"class_list":{"0":"post-7446","1":"product","2":"type-product","3":"status-publish","4":"has-post-thumbnail","6":"product_cat-uncategorized","8":"first","9":"instock","10":"virtual","11":"purchasable","12":"product-type-simple"},"acf":[],"_links":{"self":[{"href":"https:\/\/felgoulart.com.br\/biosensi\/wp-json\/wp\/v2\/product\/7446","targetHints":{"allow":["GET"]}}],"collection":[{"href":"https:\/\/felgoulart.com.br\/biosensi\/wp-json\/wp\/v2\/product"}],"about":[{"href":"https:\/\/felgoulart.com.br\/biosensi\/wp-json\/wp\/v2\/types\/product"}],"wp:featuredmedia":[{"embeddable":true,"href":"https:\/\/felgoulart.com.br\/biosensi\/wp-json\/wp\/v2\/media\/7917"}],"wp:attachment":[{"href":"https:\/\/felgoulart.com.br\/biosensi\/wp-json\/wp\/v2\/media?parent=7446"}],"wp:term":[{"taxonomy":"product_brand","embeddable":true,"href":"https:\/\/felgoulart.com.br\/biosensi\/wp-json\/wp\/v2\/product_brand?post=7446"},{"taxonomy":"product_cat","embeddable":true,"href":"https:\/\/felgoulart.com.br\/biosensi\/wp-json\/wp\/v2\/product_cat?post=7446"},{"taxonomy":"product_tag","embeddable":true,"href":"https:\/\/felgoulart.com.br\/biosensi\/wp-json\/wp\/v2\/product_tag?post=7446"}],"curies":[{"name":"wp","href":"https:\/\/api.w.org\/{rel}","templated":true}]}}