{"id":7450,"date":"2025-08-18T15:53:21","date_gmt":"2025-08-18T18:53:21","guid":{"rendered":"https:\/\/felgoulart.com.br\/biosensi\/product\/nr5-cipa-comissao-interna-de-prevencao-de-acidentes-grau-de-risco-04\/"},"modified":"2025-08-24T23:27:32","modified_gmt":"2025-08-25T02:27:32","slug":"nr5-cipa-comissao-interna-de-prevencao-de-acidentes-grau-de-risco-04","status":"publish","type":"product","link":"https:\/\/felgoulart.com.br\/biosensi\/product\/nr5-cipa-comissao-interna-de-prevencao-de-acidentes-grau-de-risco-04\/","title":{"rendered":"NR5 \u2013 CIPA: Comiss\u00e3o Interna de Preven\u00e7\u00e3o de Acidentes \u2013 Grau de Risco 04"},"content":{"rendered":"","protected":false},"excerpt":{"rendered":"<p>O curso CIPA aborda os requisitos de treinamentos previstos na norma regulamentadora NR-5, provendo conhecimentos pertinentes a atua\u00e7\u00e3o da comiss\u00e3o e sua organiza\u00e7\u00e3o; al\u00e9m de abordar boas pr\u00e1ticas para a preven\u00e7\u00e3o de acidentes; recomenda\u00e7\u00f5es para desenvolver e manter ambientes saud\u00e1veis e seguros; boas pr\u00e1ticas de sa\u00fade ocupacional e medidas para atuar em casos emerg\u00eancias.<\/p>\n","protected":false},"featured_media":7912,"template":"","meta":{"_acf_changed":false},"product_brand":[],"product_cat":[16],"product_tag":[],"class_list":{"0":"post-7450","1":"product","2":"type-product","3":"status-publish","4":"has-post-thumbnail","6":"product_cat-uncategorized","8":"first","9":"instock","10":"virtual","11":"purchasable","12":"product-type-simple"},"acf":[],"_links":{"self":[{"href":"https:\/\/felgoulart.com.br\/biosensi\/wp-json\/wp\/v2\/product\/7450","targetHints":{"allow":["GET"]}}],"collection":[{"href":"https:\/\/felgoulart.com.br\/biosensi\/wp-json\/wp\/v2\/product"}],"about":[{"href":"https:\/\/felgoulart.com.br\/biosensi\/wp-json\/wp\/v2\/types\/product"}],"wp:featuredmedia":[{"embeddable":true,"href":"https:\/\/felgoulart.com.br\/biosensi\/wp-json\/wp\/v2\/media\/7912"}],"wp:attachment":[{"href":"https:\/\/felgoulart.com.br\/biosensi\/wp-json\/wp\/v2\/media?parent=7450"}],"wp:term":[{"taxonomy":"product_brand","embeddable":true,"href":"https:\/\/felgoulart.com.br\/biosensi\/wp-json\/wp\/v2\/product_brand?post=7450"},{"taxonomy":"product_cat","embeddable":true,"href":"https:\/\/felgoulart.com.br\/biosensi\/wp-json\/wp\/v2\/product_cat?post=7450"},{"taxonomy":"product_tag","embeddable":true,"href":"https:\/\/felgoulart.com.br\/biosensi\/wp-json\/wp\/v2\/product_tag?post=7450"}],"curies":[{"name":"wp","href":"https:\/\/api.w.org\/{rel}","templated":true}]}}