{"id":7451,"date":"2025-08-18T15:53:21","date_gmt":"2025-08-18T18:53:21","guid":{"rendered":"https:\/\/felgoulart.com.br\/biosensi\/product\/nr6-epis-e-epcs-equipamentos-de-protecao-individual-e-coletivos\/"},"modified":"2025-08-24T23:25:33","modified_gmt":"2025-08-25T02:25:33","slug":"nr6-epis-e-epcs-equipamentos-de-protecao-individual-e-coletivos","status":"publish","type":"product","link":"https:\/\/felgoulart.com.br\/biosensi\/product\/nr6-epis-e-epcs-equipamentos-de-protecao-individual-e-coletivos\/","title":{"rendered":"NR6 \u2013 EPIs e EPCs: Equipamentos de Prote\u00e7\u00e3o Individual e Coletivos"},"content":{"rendered":"<div class=\"ng-scope\">\n<div class=\"conteudo-detalhes-curso col-md-9\"><\/div>\n<\/div>\n<div class=\"col-md-12 ng-scope\">\n<div class=\"mt-3 ng-scope\"><\/div>\n<\/div>\n<div class=\"clearfix\"><\/div>\n<div class=\"ng-scope\"><\/div>\n<div class=\"col-md-12\">\n<div class=\"p-a-2\"><\/div>\n<\/div>\n<div class=\"container\"><\/div>\n","protected":false},"excerpt":{"rendered":"<p>\u00c9 um curso sobre o uso dos Equipamentos de Prote\u00e7\u00e3o Individual (EPIs) em conformidade com a Norma Regulamentadora \u2013 NR 6. Certificado v\u00e1lido em todo Brasil \u2013 portaria 008\/02 da Secretaria de Estado da Educa\u00e7\u00e3o e do Desporto de Santa Catarina. Neste curso, o aluno ser\u00e1 capacitado sobre a import\u00e2ncia desses equipamentos e como utiliz\u00e1-los.<\/p>\n","protected":false},"featured_media":7910,"template":"","meta":{"_acf_changed":false},"product_brand":[],"product_cat":[16],"product_tag":[],"class_list":{"0":"post-7451","1":"product","2":"type-product","3":"status-publish","4":"has-post-thumbnail","6":"product_cat-uncategorized","8":"first","9":"instock","10":"virtual","11":"purchasable","12":"product-type-simple"},"acf":[],"_links":{"self":[{"href":"https:\/\/felgoulart.com.br\/biosensi\/wp-json\/wp\/v2\/product\/7451","targetHints":{"allow":["GET"]}}],"collection":[{"href":"https:\/\/felgoulart.com.br\/biosensi\/wp-json\/wp\/v2\/product"}],"about":[{"href":"https:\/\/felgoulart.com.br\/biosensi\/wp-json\/wp\/v2\/types\/product"}],"wp:featuredmedia":[{"embeddable":true,"href":"https:\/\/felgoulart.com.br\/biosensi\/wp-json\/wp\/v2\/media\/7910"}],"wp:attachment":[{"href":"https:\/\/felgoulart.com.br\/biosensi\/wp-json\/wp\/v2\/media?parent=7451"}],"wp:term":[{"taxonomy":"product_brand","embeddable":true,"href":"https:\/\/felgoulart.com.br\/biosensi\/wp-json\/wp\/v2\/product_brand?post=7451"},{"taxonomy":"product_cat","embeddable":true,"href":"https:\/\/felgoulart.com.br\/biosensi\/wp-json\/wp\/v2\/product_cat?post=7451"},{"taxonomy":"product_tag","embeddable":true,"href":"https:\/\/felgoulart.com.br\/biosensi\/wp-json\/wp\/v2\/product_tag?post=7451"}],"curies":[{"name":"wp","href":"https:\/\/api.w.org\/{rel}","templated":true}]}}