{"id":7454,"date":"2025-08-18T15:53:22","date_gmt":"2025-08-18T18:53:22","guid":{"rendered":"https:\/\/felgoulart.com.br\/biosensi\/product\/nr10-seguranca-eletrica-sep-formacao-inicial\/"},"modified":"2025-08-24T23:01:50","modified_gmt":"2025-08-25T02:01:50","slug":"nr10-seguranca-eletrica-sep-formacao-inicial","status":"publish","type":"product","link":"https:\/\/felgoulart.com.br\/biosensi\/product\/nr10-seguranca-eletrica-sep-formacao-inicial\/","title":{"rendered":"NR10 \u2013 Seguran\u00e7a El\u00e9trica \u2013 SEP (Forma\u00e7\u00e3o \/ Inicial)"},"content":{"rendered":"","protected":false},"excerpt":{"rendered":"<p>Desenvolvido em parceria com uma s\u00f3lida empresa de engenharia el\u00e9trica e automa\u00e7\u00e3o industrial. Garantimos um material completo e atualizado, al\u00e9m de tutores altamente qualificados e com experi\u00eancia pr\u00e1tica. Uma solu\u00e7\u00e3o inovadora para certifica\u00e7\u00e3o profissional com uma metodologia que facilita e potencializa o processo de aprendizagem, gerando economia de tempo e dinheiro.<\/p>\n","protected":false},"featured_media":7896,"template":"","meta":{"_acf_changed":false},"product_brand":[],"product_cat":[16],"product_tag":[],"class_list":{"0":"post-7454","1":"product","2":"type-product","3":"status-publish","4":"has-post-thumbnail","6":"product_cat-uncategorized","8":"first","9":"instock","10":"virtual","11":"purchasable","12":"product-type-simple"},"acf":[],"_links":{"self":[{"href":"https:\/\/felgoulart.com.br\/biosensi\/wp-json\/wp\/v2\/product\/7454","targetHints":{"allow":["GET"]}}],"collection":[{"href":"https:\/\/felgoulart.com.br\/biosensi\/wp-json\/wp\/v2\/product"}],"about":[{"href":"https:\/\/felgoulart.com.br\/biosensi\/wp-json\/wp\/v2\/types\/product"}],"wp:featuredmedia":[{"embeddable":true,"href":"https:\/\/felgoulart.com.br\/biosensi\/wp-json\/wp\/v2\/media\/7896"}],"wp:attachment":[{"href":"https:\/\/felgoulart.com.br\/biosensi\/wp-json\/wp\/v2\/media?parent=7454"}],"wp:term":[{"taxonomy":"product_brand","embeddable":true,"href":"https:\/\/felgoulart.com.br\/biosensi\/wp-json\/wp\/v2\/product_brand?post=7454"},{"taxonomy":"product_cat","embeddable":true,"href":"https:\/\/felgoulart.com.br\/biosensi\/wp-json\/wp\/v2\/product_cat?post=7454"},{"taxonomy":"product_tag","embeddable":true,"href":"https:\/\/felgoulart.com.br\/biosensi\/wp-json\/wp\/v2\/product_tag?post=7454"}],"curies":[{"name":"wp","href":"https:\/\/api.w.org\/{rel}","templated":true}]}}