{"id":7455,"date":"2025-08-18T15:53:22","date_gmt":"2025-08-18T18:53:22","guid":{"rendered":"https:\/\/felgoulart.com.br\/biosensi\/product\/nr10-seguranca-eletrica-sep-reciclagem-periodico\/"},"modified":"2025-08-24T23:07:03","modified_gmt":"2025-08-25T02:07:03","slug":"nr10-seguranca-eletrica-sep-reciclagem-periodico","status":"publish","type":"product","link":"https:\/\/felgoulart.com.br\/biosensi\/product\/nr10-seguranca-eletrica-sep-reciclagem-periodico\/","title":{"rendered":"NR10 \u2013 Seguran\u00e7a El\u00e9trica \u2013 SEP (Reciclagem \/ Peri\u00f3dico)"},"content":{"rendered":"<div class=\"ng-scope\">\n<div class=\"conteudo-detalhes-curso col-md-9\"><\/div>\n<div class=\"col-md-3\">\n<div class=\"box-card\">\n<section id=\"introducao\" class=\"col-md-12 catalogo-detalhes-curso-info ng-scope\">\n<div class=\"form-group ng-scope\"><\/div>\n<\/section>\n<\/div>\n<\/div>\n<div class=\"col-md-12\"><\/div>\n<\/div>\n<div class=\"col-md-12 ng-scope\">\n<div class=\"mt-3 ng-scope\"><\/div>\n<\/div>\n<div class=\"clearfix\"><\/div>\n<div class=\"ng-scope\"><\/div>\n<div class=\"col-md-12\">\n<div class=\"p-a-2\"><\/div>\n<\/div>\n<div class=\"container\"><\/div>\n","protected":false},"excerpt":{"rendered":"<p>O treinamento NR-10 de Seguran\u00e7a El\u00e9trica \u00e9 obrigat\u00f3rio para pessoas que trabalhem em instala\u00e7\u00f5es el\u00e9tricas e\/ou realizem servi\u00e7os que envolvam eletricidade.\u00a0Desenvolvido em parceria com uma s\u00f3lida empresa de engenharia el\u00e9trica e automa\u00e7\u00e3o industrial.\u00a0Garantimos um material completo e atualizado, al\u00e9m de tutores altamente qualificados e com experi\u00eancia pr\u00e1tica. Uma solu\u00e7\u00e3o inovadora para certifica\u00e7\u00e3o profissional com uma metodologia que facilita e potencializa o processo de aprendizagem, gerando economia de tempo e dinheiro.<\/p>\n","protected":false},"featured_media":7898,"template":"","meta":{"_acf_changed":false},"product_brand":[],"product_cat":[16],"product_tag":[],"class_list":{"0":"post-7455","1":"product","2":"type-product","3":"status-publish","4":"has-post-thumbnail","6":"product_cat-uncategorized","8":"first","9":"instock","10":"virtual","11":"purchasable","12":"product-type-simple"},"acf":[],"_links":{"self":[{"href":"https:\/\/felgoulart.com.br\/biosensi\/wp-json\/wp\/v2\/product\/7455","targetHints":{"allow":["GET"]}}],"collection":[{"href":"https:\/\/felgoulart.com.br\/biosensi\/wp-json\/wp\/v2\/product"}],"about":[{"href":"https:\/\/felgoulart.com.br\/biosensi\/wp-json\/wp\/v2\/types\/product"}],"wp:featuredmedia":[{"embeddable":true,"href":"https:\/\/felgoulart.com.br\/biosensi\/wp-json\/wp\/v2\/media\/7898"}],"wp:attachment":[{"href":"https:\/\/felgoulart.com.br\/biosensi\/wp-json\/wp\/v2\/media?parent=7455"}],"wp:term":[{"taxonomy":"product_brand","embeddable":true,"href":"https:\/\/felgoulart.com.br\/biosensi\/wp-json\/wp\/v2\/product_brand?post=7455"},{"taxonomy":"product_cat","embeddable":true,"href":"https:\/\/felgoulart.com.br\/biosensi\/wp-json\/wp\/v2\/product_cat?post=7455"},{"taxonomy":"product_tag","embeddable":true,"href":"https:\/\/felgoulart.com.br\/biosensi\/wp-json\/wp\/v2\/product_tag?post=7455"}],"curies":[{"name":"wp","href":"https:\/\/api.w.org\/{rel}","templated":true}]}}