{"id":7457,"date":"2025-08-18T15:53:22","date_gmt":"2025-08-18T18:53:22","guid":{"rendered":"https:\/\/felgoulart.com.br\/biosensi\/product\/nr11-transporte-2\/"},"modified":"2025-08-24T23:00:17","modified_gmt":"2025-08-25T02:00:17","slug":"nr11-transporte-2","status":"publish","type":"product","link":"https:\/\/felgoulart.com.br\/biosensi\/product\/nr11-transporte-2\/","title":{"rendered":"NR11 \u2013 Transporte"},"content":{"rendered":"","protected":false},"excerpt":{"rendered":"<p>Este treinamento tem como finalidade apresentar conceitos b\u00e1sicos de seguran\u00e7a nos processos envolvendo levantamento, transporte e descargas de forma manual ou com uso de m\u00e1quinas\/equipamentos e conscientizar os trabalhadores sobre os riscos existentes na opera\u00e7\u00e3o, assim como a import\u00e2ncia e necessidade de atender \u00e0s normas t\u00e9cnicas de seguran\u00e7a.<\/p>\n","protected":false},"featured_media":7894,"template":"","meta":{"_acf_changed":false},"product_brand":[],"product_cat":[16],"product_tag":[],"class_list":{"0":"post-7457","1":"product","2":"type-product","3":"status-publish","4":"has-post-thumbnail","6":"product_cat-uncategorized","8":"first","9":"instock","10":"virtual","11":"product-type-simple"},"acf":[],"_links":{"self":[{"href":"https:\/\/felgoulart.com.br\/biosensi\/wp-json\/wp\/v2\/product\/7457","targetHints":{"allow":["GET"]}}],"collection":[{"href":"https:\/\/felgoulart.com.br\/biosensi\/wp-json\/wp\/v2\/product"}],"about":[{"href":"https:\/\/felgoulart.com.br\/biosensi\/wp-json\/wp\/v2\/types\/product"}],"wp:featuredmedia":[{"embeddable":true,"href":"https:\/\/felgoulart.com.br\/biosensi\/wp-json\/wp\/v2\/media\/7894"}],"wp:attachment":[{"href":"https:\/\/felgoulart.com.br\/biosensi\/wp-json\/wp\/v2\/media?parent=7457"}],"wp:term":[{"taxonomy":"product_brand","embeddable":true,"href":"https:\/\/felgoulart.com.br\/biosensi\/wp-json\/wp\/v2\/product_brand?post=7457"},{"taxonomy":"product_cat","embeddable":true,"href":"https:\/\/felgoulart.com.br\/biosensi\/wp-json\/wp\/v2\/product_cat?post=7457"},{"taxonomy":"product_tag","embeddable":true,"href":"https:\/\/felgoulart.com.br\/biosensi\/wp-json\/wp\/v2\/product_tag?post=7457"}],"curies":[{"name":"wp","href":"https:\/\/api.w.org\/{rel}","templated":true}]}}