{"id":7461,"date":"2025-08-18T15:53:22","date_gmt":"2025-08-18T18:53:22","guid":{"rendered":"https:\/\/felgoulart.com.br\/biosensi\/product\/nr13-vasos-de-pressao-unidades-de-processo-reciclagem-periodico\/"},"modified":"2025-08-24T23:58:46","modified_gmt":"2025-08-25T02:58:46","slug":"nr13-vasos-de-pressao-unidades-de-processo-reciclagem-periodico","status":"publish","type":"product","link":"https:\/\/felgoulart.com.br\/biosensi\/product\/nr13-vasos-de-pressao-unidades-de-processo-reciclagem-periodico\/","title":{"rendered":"NR13 \u2013 Vasos de Press\u00e3o \u2013 Unidades de Processo (Reciclagem \/ Peri\u00f3dico)"},"content":{"rendered":"","protected":false},"excerpt":{"rendered":"<p>Este treinamento tem como objetivo capacitar os profissionais que ir\u00e3o operar as unidades de processo, que possuam vasos de press\u00e3o de categorias I ou II, visando desta forma a seguran\u00e7a e a sa\u00fade dos trabalhadores.<br \/>\nLembrando que os vasos de press\u00e3o s\u00f3 podem ser operados por profissionais que possuem Treinamento de Seguran\u00e7a na Opera\u00e7\u00e3o de Unidades de Processos.<\/p>\n","protected":false},"featured_media":7923,"template":"","meta":{"_acf_changed":false},"product_brand":[],"product_cat":[16],"product_tag":[],"class_list":{"0":"post-7461","1":"product","2":"type-product","3":"status-publish","4":"has-post-thumbnail","6":"product_cat-uncategorized","8":"first","9":"instock","10":"virtual","11":"purchasable","12":"product-type-simple"},"acf":[],"_links":{"self":[{"href":"https:\/\/felgoulart.com.br\/biosensi\/wp-json\/wp\/v2\/product\/7461","targetHints":{"allow":["GET"]}}],"collection":[{"href":"https:\/\/felgoulart.com.br\/biosensi\/wp-json\/wp\/v2\/product"}],"about":[{"href":"https:\/\/felgoulart.com.br\/biosensi\/wp-json\/wp\/v2\/types\/product"}],"wp:featuredmedia":[{"embeddable":true,"href":"https:\/\/felgoulart.com.br\/biosensi\/wp-json\/wp\/v2\/media\/7923"}],"wp:attachment":[{"href":"https:\/\/felgoulart.com.br\/biosensi\/wp-json\/wp\/v2\/media?parent=7461"}],"wp:term":[{"taxonomy":"product_brand","embeddable":true,"href":"https:\/\/felgoulart.com.br\/biosensi\/wp-json\/wp\/v2\/product_brand?post=7461"},{"taxonomy":"product_cat","embeddable":true,"href":"https:\/\/felgoulart.com.br\/biosensi\/wp-json\/wp\/v2\/product_cat?post=7461"},{"taxonomy":"product_tag","embeddable":true,"href":"https:\/\/felgoulart.com.br\/biosensi\/wp-json\/wp\/v2\/product_tag?post=7461"}],"curies":[{"name":"wp","href":"https:\/\/api.w.org\/{rel}","templated":true}]}}