{"id":7464,"date":"2025-08-18T15:53:22","date_gmt":"2025-08-18T18:53:22","guid":{"rendered":"https:\/\/felgoulart.com.br\/biosensi\/product\/nr17-ergonomia\/"},"modified":"2025-08-24T23:20:11","modified_gmt":"2025-08-25T02:20:11","slug":"nr17-ergonomia","status":"publish","type":"product","link":"https:\/\/felgoulart.com.br\/biosensi\/product\/nr17-ergonomia\/","title":{"rendered":"NR17 \u2013 Ergonomia"},"content":{"rendered":"","protected":false},"excerpt":{"rendered":"<p>Ao final deste treinamento voc\u00ea ser\u00e1 capaz de:<\/p>\n<ul>\n<li>Explicar o que \u00e9 Ergonomia e suas \u00e1reas de aplica\u00e7\u00e3o;<\/li>\n<li>Verificar se um posto de trabalho oferece condi\u00e7\u00f5es ergon\u00f4micas adequadas;<\/li>\n<li>Ajustar mobili\u00e1rios, equipamentos e ferramentas para preservar sua sa\u00fade;<\/li>\n<li>Promover discuss\u00f5es sobre o tema: Ergonomia.<\/li>\n<\/ul>\n","protected":false},"featured_media":7904,"template":"","meta":{"_acf_changed":false},"product_brand":[],"product_cat":[16],"product_tag":[],"class_list":{"0":"post-7464","1":"product","2":"type-product","3":"status-publish","4":"has-post-thumbnail","6":"product_cat-uncategorized","8":"first","9":"instock","10":"virtual","11":"purchasable","12":"product-type-simple"},"acf":[],"_links":{"self":[{"href":"https:\/\/felgoulart.com.br\/biosensi\/wp-json\/wp\/v2\/product\/7464","targetHints":{"allow":["GET"]}}],"collection":[{"href":"https:\/\/felgoulart.com.br\/biosensi\/wp-json\/wp\/v2\/product"}],"about":[{"href":"https:\/\/felgoulart.com.br\/biosensi\/wp-json\/wp\/v2\/types\/product"}],"wp:featuredmedia":[{"embeddable":true,"href":"https:\/\/felgoulart.com.br\/biosensi\/wp-json\/wp\/v2\/media\/7904"}],"wp:attachment":[{"href":"https:\/\/felgoulart.com.br\/biosensi\/wp-json\/wp\/v2\/media?parent=7464"}],"wp:term":[{"taxonomy":"product_brand","embeddable":true,"href":"https:\/\/felgoulart.com.br\/biosensi\/wp-json\/wp\/v2\/product_brand?post=7464"},{"taxonomy":"product_cat","embeddable":true,"href":"https:\/\/felgoulart.com.br\/biosensi\/wp-json\/wp\/v2\/product_cat?post=7464"},{"taxonomy":"product_tag","embeddable":true,"href":"https:\/\/felgoulart.com.br\/biosensi\/wp-json\/wp\/v2\/product_tag?post=7464"}],"curies":[{"name":"wp","href":"https:\/\/api.w.org\/{rel}","templated":true}]}}