{"id":7465,"date":"2025-08-18T15:53:23","date_gmt":"2025-08-18T18:53:23","guid":{"rendered":"https:\/\/felgoulart.com.br\/biosensi\/product\/nr17-teleatendimento\/"},"modified":"2025-08-24T21:35:07","modified_gmt":"2025-08-25T00:35:07","slug":"nr17-teleatendimento","status":"publish","type":"product","link":"https:\/\/felgoulart.com.br\/biosensi\/product\/nr17-teleatendimento\/","title":{"rendered":"NR17 \u2013 Teleatendimento"},"content":{"rendered":"<p>&nbsp;<\/p>\n<footer class=\"ng-scope\">\n<div class=\"portal-footer ng-scope\">\n<nav class=\"portal-navbar\" role=\"navigation\">\n<div class=\"container\">\n<div class=\"navbar-footer portal-navbar-brand-footer pull-right\"><\/div>\n<div class=\"info\">\n<div class=\"text-left ng-binding\"><\/div>\n<\/div>\n<\/div>\n<\/nav>\n<\/div>\n<\/footer>\n","protected":false},"excerpt":{"rendered":"<p>Ap\u00f3s este treinamento o aluno estar\u00e1 apto a: Verificar se um posto de trabalho oferece condi\u00e7\u00f5es ergon\u00f4micas adequadas ao teleatendimento; Ajustar mobili\u00e1rios, equipamentos e ferramentas para preservar sua sa\u00fade Promover discuss\u00f5es sobre Ergonomia<\/p>\n","protected":false},"featured_media":7877,"template":"","meta":{"_acf_changed":false},"product_brand":[],"product_cat":[16],"product_tag":[],"class_list":{"0":"post-7465","1":"product","2":"type-product","3":"status-publish","4":"has-post-thumbnail","6":"product_cat-uncategorized","8":"first","9":"instock","10":"virtual","11":"purchasable","12":"product-type-simple"},"acf":[],"_links":{"self":[{"href":"https:\/\/felgoulart.com.br\/biosensi\/wp-json\/wp\/v2\/product\/7465","targetHints":{"allow":["GET"]}}],"collection":[{"href":"https:\/\/felgoulart.com.br\/biosensi\/wp-json\/wp\/v2\/product"}],"about":[{"href":"https:\/\/felgoulart.com.br\/biosensi\/wp-json\/wp\/v2\/types\/product"}],"wp:featuredmedia":[{"embeddable":true,"href":"https:\/\/felgoulart.com.br\/biosensi\/wp-json\/wp\/v2\/media\/7877"}],"wp:attachment":[{"href":"https:\/\/felgoulart.com.br\/biosensi\/wp-json\/wp\/v2\/media?parent=7465"}],"wp:term":[{"taxonomy":"product_brand","embeddable":true,"href":"https:\/\/felgoulart.com.br\/biosensi\/wp-json\/wp\/v2\/product_brand?post=7465"},{"taxonomy":"product_cat","embeddable":true,"href":"https:\/\/felgoulart.com.br\/biosensi\/wp-json\/wp\/v2\/product_cat?post=7465"},{"taxonomy":"product_tag","embeddable":true,"href":"https:\/\/felgoulart.com.br\/biosensi\/wp-json\/wp\/v2\/product_tag?post=7465"}],"curies":[{"name":"wp","href":"https:\/\/api.w.org\/{rel}","templated":true}]}}