{"id":7467,"date":"2025-08-18T15:53:23","date_gmt":"2025-08-18T18:53:23","guid":{"rendered":"https:\/\/felgoulart.com.br\/biosensi\/product\/nr17-levantamento-e-transporte-manual-de-cargas\/"},"modified":"2025-08-24T21:39:10","modified_gmt":"2025-08-25T00:39:10","slug":"nr17-levantamento-e-transporte-manual-de-cargas","status":"publish","type":"product","link":"https:\/\/felgoulart.com.br\/biosensi\/product\/nr17-levantamento-e-transporte-manual-de-cargas\/","title":{"rendered":"NR17 \u2013 Levantamento e Transporte Manual de Cargas"},"content":{"rendered":"","protected":false},"excerpt":{"rendered":"<p><strong>Ap\u00f3s este treinamento o aluno estar\u00e1 apto a:<\/strong> Explicar o que \u00e9 Ergonomia; Definir as condi\u00e7\u00f5es ideais para levantamento e transporte manual de carga; Identificar limites para o levantamento e transporte manual de carga; Promover discuss\u00f5es sobre o tema: Ergonomia.<\/p>\n","protected":false},"featured_media":7881,"template":"","meta":{"_acf_changed":false},"product_brand":[],"product_cat":[16],"product_tag":[],"class_list":{"0":"post-7467","1":"product","2":"type-product","3":"status-publish","4":"has-post-thumbnail","6":"product_cat-uncategorized","8":"first","9":"instock","10":"virtual","11":"purchasable","12":"product-type-simple"},"acf":[],"_links":{"self":[{"href":"https:\/\/felgoulart.com.br\/biosensi\/wp-json\/wp\/v2\/product\/7467","targetHints":{"allow":["GET"]}}],"collection":[{"href":"https:\/\/felgoulart.com.br\/biosensi\/wp-json\/wp\/v2\/product"}],"about":[{"href":"https:\/\/felgoulart.com.br\/biosensi\/wp-json\/wp\/v2\/types\/product"}],"wp:featuredmedia":[{"embeddable":true,"href":"https:\/\/felgoulart.com.br\/biosensi\/wp-json\/wp\/v2\/media\/7881"}],"wp:attachment":[{"href":"https:\/\/felgoulart.com.br\/biosensi\/wp-json\/wp\/v2\/media?parent=7467"}],"wp:term":[{"taxonomy":"product_brand","embeddable":true,"href":"https:\/\/felgoulart.com.br\/biosensi\/wp-json\/wp\/v2\/product_brand?post=7467"},{"taxonomy":"product_cat","embeddable":true,"href":"https:\/\/felgoulart.com.br\/biosensi\/wp-json\/wp\/v2\/product_cat?post=7467"},{"taxonomy":"product_tag","embeddable":true,"href":"https:\/\/felgoulart.com.br\/biosensi\/wp-json\/wp\/v2\/product_tag?post=7467"}],"curies":[{"name":"wp","href":"https:\/\/api.w.org\/{rel}","templated":true}]}}