{"id":7478,"date":"2025-08-18T15:53:24","date_gmt":"2025-08-18T18:53:24","guid":{"rendered":"https:\/\/felgoulart.com.br\/biosensi\/product\/nr23-inflamaveis-prevencao-e-protecao-contra-incendios\/"},"modified":"2025-08-24T22:19:13","modified_gmt":"2025-08-25T01:19:13","slug":"nr23-inflamaveis-prevencao-e-protecao-contra-incendios","status":"publish","type":"product","link":"https:\/\/felgoulart.com.br\/biosensi\/product\/nr23-inflamaveis-prevencao-e-protecao-contra-incendios\/","title":{"rendered":"NR23 \u2013 Inflam\u00e1veis \u2013 Preven\u00e7\u00e3o e Prote\u00e7\u00e3o Contra Inc\u00eandios"},"content":{"rendered":"","protected":false},"excerpt":{"rendered":"","protected":false},"featured_media":0,"template":"","meta":{"_acf_changed":false},"product_brand":[],"product_cat":[16],"product_tag":[],"class_list":{"0":"post-7478","1":"product","2":"type-product","3":"status-publish","5":"product_cat-uncategorized","7":"first","8":"instock","9":"virtual","10":"purchasable","11":"product-type-simple"},"acf":[],"_links":{"self":[{"href":"https:\/\/felgoulart.com.br\/biosensi\/wp-json\/wp\/v2\/product\/7478","targetHints":{"allow":["GET"]}}],"collection":[{"href":"https:\/\/felgoulart.com.br\/biosensi\/wp-json\/wp\/v2\/product"}],"about":[{"href":"https:\/\/felgoulart.com.br\/biosensi\/wp-json\/wp\/v2\/types\/product"}],"wp:attachment":[{"href":"https:\/\/felgoulart.com.br\/biosensi\/wp-json\/wp\/v2\/media?parent=7478"}],"wp:term":[{"taxonomy":"product_brand","embeddable":true,"href":"https:\/\/felgoulart.com.br\/biosensi\/wp-json\/wp\/v2\/product_brand?post=7478"},{"taxonomy":"product_cat","embeddable":true,"href":"https:\/\/felgoulart.com.br\/biosensi\/wp-json\/wp\/v2\/product_cat?post=7478"},{"taxonomy":"product_tag","embeddable":true,"href":"https:\/\/felgoulart.com.br\/biosensi\/wp-json\/wp\/v2\/product_tag?post=7478"}],"curies":[{"name":"wp","href":"https:\/\/api.w.org\/{rel}","templated":true}]}}