{"id":7479,"date":"2025-08-18T15:53:25","date_gmt":"2025-08-18T18:53:25","guid":{"rendered":"https:\/\/felgoulart.com.br\/biosensi\/product\/nr33-espaco-confinado-trabalhador-e-vigia-formacao-inicial\/"},"modified":"2025-08-24T22:19:29","modified_gmt":"2025-08-25T01:19:29","slug":"nr33-espaco-confinado-trabalhador-e-vigia-formacao-inicial","status":"publish","type":"product","link":"https:\/\/felgoulart.com.br\/biosensi\/product\/nr33-espaco-confinado-trabalhador-e-vigia-formacao-inicial\/","title":{"rendered":"NR33 \u2013 Espa\u00e7o Confinado \u2013 Trabalhador e Vigia (Forma\u00e7\u00e3o \/ Inicial)"},"content":{"rendered":"","protected":false},"excerpt":{"rendered":"<p>O curso aborda as exig\u00eancias legais contida na Norma Regulamentadora n\u00b033, assim como os processos e trabalhos envolvendo espa\u00e7os confinados. Ao final deste treinamento voc\u00ea dever\u00e1 ser capaz de executar corretamente as atividades rotineiros de forma segura e respons\u00e1vel. Ap\u00f3s este treinamento o aluno estar\u00e1 apto a: \u2022\u00a0\u00a0\u00a0\u00a0\u00a0\u00a0\u00a0\u00a0\u00a0\u00a0\u00a0\u00a0 Resumir as principais defini\u00e7\u00f5es da NR33; \u2022\u00a0\u00a0\u00a0\u00a0\u00a0\u00a0\u00a0\u00a0\u00a0\u00a0\u00a0\u00a0 Reconhecer, avaliar e controlar os riscos; \u2022\u00a0\u00a0\u00a0\u00a0\u00a0\u00a0\u00a0\u00a0\u00a0\u00a0\u00a0\u00a0 Utilizar os EPIs para controle de riscos; \u2022\u00a0\u00a0\u00a0\u00a0\u00a0\u00a0\u00a0\u00a0\u00a0\u00a0\u00a0\u00a0 Seguir corretamente os procedimentos da Permiss\u00e3o de Entrada e Trabalho; \u2022\u00a0\u00a0\u00a0\u00a0\u00a0\u00a0\u00a0\u00a0\u00a0\u00a0\u00a0\u00a0 Realizar atividades no interior de espa\u00e7os confinados; \u2022\u00a0\u00a0\u00a0\u00a0\u00a0\u00a0\u00a0\u00a0\u00a0\u00a0\u00a0\u00a0 Realizar atividade de vigia em espa\u00e7o confinado; \u2022\u00a0\u00a0\u00a0\u00a0\u00a0\u00a0\u00a0\u00a0\u00a0\u00a0\u00a0\u00a0 Aplicar corretamente as no\u00e7\u00f5es de resgate e primeiros socorros aprendidas no treinamento.<\/p>\n","protected":false},"featured_media":7745,"template":"","meta":{"_acf_changed":false},"product_brand":[],"product_cat":[16],"product_tag":[],"class_list":{"0":"post-7479","1":"product","2":"type-product","3":"status-publish","4":"has-post-thumbnail","6":"product_cat-uncategorized","8":"first","9":"instock","10":"virtual","11":"purchasable","12":"product-type-simple"},"acf":[],"_links":{"self":[{"href":"https:\/\/felgoulart.com.br\/biosensi\/wp-json\/wp\/v2\/product\/7479","targetHints":{"allow":["GET"]}}],"collection":[{"href":"https:\/\/felgoulart.com.br\/biosensi\/wp-json\/wp\/v2\/product"}],"about":[{"href":"https:\/\/felgoulart.com.br\/biosensi\/wp-json\/wp\/v2\/types\/product"}],"wp:featuredmedia":[{"embeddable":true,"href":"https:\/\/felgoulart.com.br\/biosensi\/wp-json\/wp\/v2\/media\/7745"}],"wp:attachment":[{"href":"https:\/\/felgoulart.com.br\/biosensi\/wp-json\/wp\/v2\/media?parent=7479"}],"wp:term":[{"taxonomy":"product_brand","embeddable":true,"href":"https:\/\/felgoulart.com.br\/biosensi\/wp-json\/wp\/v2\/product_brand?post=7479"},{"taxonomy":"product_cat","embeddable":true,"href":"https:\/\/felgoulart.com.br\/biosensi\/wp-json\/wp\/v2\/product_cat?post=7479"},{"taxonomy":"product_tag","embeddable":true,"href":"https:\/\/felgoulart.com.br\/biosensi\/wp-json\/wp\/v2\/product_tag?post=7479"}],"curies":[{"name":"wp","href":"https:\/\/api.w.org\/{rel}","templated":true}]}}