{"id":7481,"date":"2025-08-18T15:53:25","date_gmt":"2025-08-18T18:53:25","guid":{"rendered":"https:\/\/felgoulart.com.br\/biosensi\/product\/nr33-espaco-confinado-supervisor-formacao-inicial\/"},"modified":"2025-08-24T21:15:34","modified_gmt":"2025-08-25T00:15:34","slug":"nr33-espaco-confinado-supervisor-formacao-inicial","status":"publish","type":"product","link":"https:\/\/felgoulart.com.br\/biosensi\/product\/nr33-espaco-confinado-supervisor-formacao-inicial\/","title":{"rendered":"NR33 \u2013 Espa\u00e7o Confinado \u2013 Supervisor (Forma\u00e7\u00e3o \/ Inicial)"},"content":{"rendered":"","protected":false},"excerpt":{"rendered":"<p>O curso aborda as exig\u00eancias legais contida na Norma Regulamentadora n\u00b033, assim como capacitar os profissionais da \u00e1rea a preven\u00e7\u00e3o de acidentes, procedimentos e medidas de prote\u00e7\u00e3o em espa\u00e7os confinados, de acordo com a NBR 14787, que estabelece os requisitos m\u00ednimos para prote\u00e7\u00e3o dos trabalhadores e do local de trabalho, bem como os riscos de entrada em espa\u00e7os confinados. Ap\u00f3s este curso o supervisor estar\u00e1 apto a: \u2022\u00a0\u00a0\u00a0\u00a0\u00a0\u00a0\u00a0\u00a0\u00a0\u00a0\u00a0\u00a0 Resumir as principais defini\u00e7\u00f5es da NR33; \u2022\u00a0\u00a0\u00a0\u00a0\u00a0\u00a0\u00a0\u00a0\u00a0\u00a0\u00a0\u00a0 Reconhecer, avaliar, aplicar e controlar os riscos; \u2022\u00a0\u00a0\u00a0\u00a0\u00a0\u00a0\u00a0\u00a0\u00a0\u00a0\u00a0\u00a0 Supervisionar atividade em espa\u00e7o confinado; \u2022\u00a0\u00a0\u00a0\u00a0\u00a0\u00a0\u00a0\u00a0\u00a0\u00a0\u00a0\u00a0 Preencher a PET para autorizar atividades em espa\u00e7o confinado; \u2022\u00a0\u00a0\u00a0\u00a0\u00a0\u00a0\u00a0\u00a0\u00a0\u00a0\u00a0\u00a0 Utilizar os EPIs para controle de riscos; \u2022\u00a0\u00a0\u00a0\u00a0\u00a0\u00a0\u00a0\u00a0\u00a0\u00a0\u00a0\u00a0 Seguir corretamente os procedimentos da Permiss\u00e3o de Entrada e Trabalho; \u2022\u00a0\u00a0\u00a0\u00a0\u00a0\u00a0\u00a0\u00a0\u00a0\u00a0\u00a0\u00a0 Aplicar corretamente as no\u00e7\u00f5es de resgate e primeiros socorros aprendidas no treinamento; \u2022\u00a0\u00a0\u00a0\u00a0\u00a0\u00a0\u00a0\u00a0\u00a0\u00a0\u00a0\u00a0 Identificar corretamente os espa\u00e7os confinados; \u2022\u00a0\u00a0\u00a0\u00a0\u00a0\u00a0\u00a0\u00a0\u00a0\u00a0\u00a0\u00a0 Aplicar corretamente os crit\u00e9rios de indica\u00e7\u00e3o e uso de equipamentos para controle de riscos; \u2022\u00a0\u00a0\u00a0\u00a0\u00a0\u00a0\u00a0\u00a0\u00a0\u00a0\u00a0\u00a0 Realizar pr\u00e1ticas seguras em espa\u00e7os confinados; \u2022\u00a0\u00a0\u00a0\u00a0\u00a0\u00a0\u00a0\u00a0\u00a0\u00a0\u00a0\u00a0 Cumprir a legisla\u00e7\u00e3o de seguran\u00e7a e sa\u00fade no trabalho; \u2022\u00a0\u00a0\u00a0\u00a0\u00a0\u00a0\u00a0\u00a0\u00a0\u00a0\u00a0\u00a0 Utilizar o aparelho de medi\u00e7\u00e3o de n\u00edveis de gases nos espa\u00e7os confinados; \u2022\u00a0\u00a0\u00a0\u00a0\u00a0\u00a0\u00a0\u00a0\u00a0\u00a0\u00a0\u00a0 Utilizar o programa de prote\u00e7\u00e3o respirat\u00f3ria PPR; \u2022\u00a0\u00a0\u00a0\u00a0\u00a0\u00a0\u00a0\u00a0\u00a0\u00a0\u00a0\u00a0 Identificar a \u00e1rea classificada; \u2022\u00a0\u00a0\u00a0\u00a0\u00a0\u00a0\u00a0\u00a0\u00a0\u00a0\u00a0\u00a0 Utilizar as no\u00e7\u00f5es b\u00e1sicas de opera\u00e7\u00f5es em emerg\u00eancia e salvamento aprendidas no treinamento.<\/p>\n","protected":false},"featured_media":7871,"template":"","meta":{"_acf_changed":false},"product_brand":[],"product_cat":[16],"product_tag":[],"class_list":{"0":"post-7481","1":"product","2":"type-product","3":"status-publish","4":"has-post-thumbnail","6":"product_cat-uncategorized","8":"first","9":"instock","10":"virtual","11":"purchasable","12":"product-type-simple"},"acf":[],"_links":{"self":[{"href":"https:\/\/felgoulart.com.br\/biosensi\/wp-json\/wp\/v2\/product\/7481","targetHints":{"allow":["GET"]}}],"collection":[{"href":"https:\/\/felgoulart.com.br\/biosensi\/wp-json\/wp\/v2\/product"}],"about":[{"href":"https:\/\/felgoulart.com.br\/biosensi\/wp-json\/wp\/v2\/types\/product"}],"wp:featuredmedia":[{"embeddable":true,"href":"https:\/\/felgoulart.com.br\/biosensi\/wp-json\/wp\/v2\/media\/7871"}],"wp:attachment":[{"href":"https:\/\/felgoulart.com.br\/biosensi\/wp-json\/wp\/v2\/media?parent=7481"}],"wp:term":[{"taxonomy":"product_brand","embeddable":true,"href":"https:\/\/felgoulart.com.br\/biosensi\/wp-json\/wp\/v2\/product_brand?post=7481"},{"taxonomy":"product_cat","embeddable":true,"href":"https:\/\/felgoulart.com.br\/biosensi\/wp-json\/wp\/v2\/product_cat?post=7481"},{"taxonomy":"product_tag","embeddable":true,"href":"https:\/\/felgoulart.com.br\/biosensi\/wp-json\/wp\/v2\/product_tag?post=7481"}],"curies":[{"name":"wp","href":"https:\/\/api.w.org\/{rel}","templated":true}]}}