{"id":7482,"date":"2025-08-18T15:53:25","date_gmt":"2025-08-18T18:53:25","guid":{"rendered":"https:\/\/felgoulart.com.br\/biosensi\/product\/nr33-espaco-confinado-supervisor-reciclagem-periodico\/"},"modified":"2025-08-24T21:11:33","modified_gmt":"2025-08-25T00:11:33","slug":"nr33-espaco-confinado-supervisor-reciclagem-periodico","status":"publish","type":"product","link":"https:\/\/felgoulart.com.br\/biosensi\/product\/nr33-espaco-confinado-supervisor-reciclagem-periodico\/","title":{"rendered":"NR33 \u2013 Espa\u00e7o Confinado \u2013 Supervisor (Reciclagem \/ Peri\u00f3dico)"},"content":{"rendered":"","protected":false},"excerpt":{"rendered":"<p>O curso aborda as exig\u00eancias legais contida na Norma Regulamentadora n\u00b033, assim como capacitar os profissionais da \u00e1rea a preven\u00e7\u00e3o de acidentes, procedimentos e medidas de prote\u00e7\u00e3o em espa\u00e7os confinados, de acordo com a NBR 14787, que estabelece os requisitos m\u00ednimos para prote\u00e7\u00e3o dos trabalhadores e do local de trabalho, bem como os riscos de entrada em espa\u00e7os confinados.<\/p>\n","protected":false},"featured_media":7869,"template":"","meta":{"_acf_changed":false},"product_brand":[],"product_cat":[16],"product_tag":[],"class_list":{"0":"post-7482","1":"product","2":"type-product","3":"status-publish","4":"has-post-thumbnail","6":"product_cat-uncategorized","8":"first","9":"instock","10":"virtual","11":"purchasable","12":"product-type-simple"},"acf":[],"_links":{"self":[{"href":"https:\/\/felgoulart.com.br\/biosensi\/wp-json\/wp\/v2\/product\/7482","targetHints":{"allow":["GET"]}}],"collection":[{"href":"https:\/\/felgoulart.com.br\/biosensi\/wp-json\/wp\/v2\/product"}],"about":[{"href":"https:\/\/felgoulart.com.br\/biosensi\/wp-json\/wp\/v2\/types\/product"}],"wp:featuredmedia":[{"embeddable":true,"href":"https:\/\/felgoulart.com.br\/biosensi\/wp-json\/wp\/v2\/media\/7869"}],"wp:attachment":[{"href":"https:\/\/felgoulart.com.br\/biosensi\/wp-json\/wp\/v2\/media?parent=7482"}],"wp:term":[{"taxonomy":"product_brand","embeddable":true,"href":"https:\/\/felgoulart.com.br\/biosensi\/wp-json\/wp\/v2\/product_brand?post=7482"},{"taxonomy":"product_cat","embeddable":true,"href":"https:\/\/felgoulart.com.br\/biosensi\/wp-json\/wp\/v2\/product_cat?post=7482"},{"taxonomy":"product_tag","embeddable":true,"href":"https:\/\/felgoulart.com.br\/biosensi\/wp-json\/wp\/v2\/product_tag?post=7482"}],"curies":[{"name":"wp","href":"https:\/\/api.w.org\/{rel}","templated":true}]}}