{"id":7484,"date":"2025-08-18T15:53:25","date_gmt":"2025-08-18T18:53:25","guid":{"rendered":"https:\/\/felgoulart.com.br\/biosensi\/product\/nr35-trabalho-em-altura-supervisor-formacao-inicial\/"},"modified":"2025-08-23T22:50:48","modified_gmt":"2025-08-24T01:50:48","slug":"nr35-trabalho-em-altura-supervisor-formacao-inicial","status":"publish","type":"product","link":"https:\/\/felgoulart.com.br\/biosensi\/product\/nr35-trabalho-em-altura-supervisor-formacao-inicial\/","title":{"rendered":"NR35 \u2013 Trabalho em Altura \u2013 Supervisor (Forma\u00e7\u00e3o \/ Inicial)"},"content":{"rendered":"","protected":false},"excerpt":{"rendered":"<p>Um curso que aborda as principais especifica\u00e7\u00f5es relacionadas ao trabalho em altura. Est\u00e1 em conformidade a Norma Regulamentadora \u2013 NR 35 e possui certificado v\u00e1lido em todo Brasil \u2013 portaria 008\/02 da Secretaria de Estado da Educa\u00e7\u00e3o e do Desporto de Santa Catarina. Neste curso, o aluno ser\u00e1 capacitado para atuar com seguran\u00e7a no trabalho em altura correspondente \u00e0 sua fun\u00e7\u00e3o. Ap\u00f3s este treinamento o aluno estar\u00e1 apto a: \u00b7\u00a0\u00a0\u00a0\u00a0\u00a0\u00a0\u00a0\u00a0\u00a0\u00a0\u00a0\u00a0\u00a0 Utilizar corretamente os EPIs e os dispositivos de seguran\u00e7a no Trabalho em Altura; \u00b7\u00a0\u00a0\u00a0\u00a0\u00a0\u00a0\u00a0\u00a0\u00a0\u00a0\u00a0\u00a0\u00a0 Conhecimento dos procedimentos para Trabalho em Altura; \u00b7\u00a0\u00a0\u00a0\u00a0\u00a0\u00a0\u00a0\u00a0\u00a0\u00a0\u00a0\u00a0\u00a0 Realizar atividade em altura; \u00b7\u00a0\u00a0\u00a0\u00a0\u00a0\u00a0\u00a0\u00a0\u00a0\u00a0\u00a0\u00a0\u00a0 Permiss\u00e3o de trabalho em altura e an\u00e1lise de riscos.<\/p>\n","protected":false},"featured_media":7741,"template":"","meta":{"_acf_changed":false},"product_brand":[],"product_cat":[16],"product_tag":[],"class_list":{"0":"post-7484","1":"product","2":"type-product","3":"status-publish","4":"has-post-thumbnail","6":"product_cat-uncategorized","8":"first","9":"instock","10":"virtual","11":"purchasable","12":"product-type-simple"},"acf":[],"_links":{"self":[{"href":"https:\/\/felgoulart.com.br\/biosensi\/wp-json\/wp\/v2\/product\/7484","targetHints":{"allow":["GET"]}}],"collection":[{"href":"https:\/\/felgoulart.com.br\/biosensi\/wp-json\/wp\/v2\/product"}],"about":[{"href":"https:\/\/felgoulart.com.br\/biosensi\/wp-json\/wp\/v2\/types\/product"}],"wp:featuredmedia":[{"embeddable":true,"href":"https:\/\/felgoulart.com.br\/biosensi\/wp-json\/wp\/v2\/media\/7741"}],"wp:attachment":[{"href":"https:\/\/felgoulart.com.br\/biosensi\/wp-json\/wp\/v2\/media?parent=7484"}],"wp:term":[{"taxonomy":"product_brand","embeddable":true,"href":"https:\/\/felgoulart.com.br\/biosensi\/wp-json\/wp\/v2\/product_brand?post=7484"},{"taxonomy":"product_cat","embeddable":true,"href":"https:\/\/felgoulart.com.br\/biosensi\/wp-json\/wp\/v2\/product_cat?post=7484"},{"taxonomy":"product_tag","embeddable":true,"href":"https:\/\/felgoulart.com.br\/biosensi\/wp-json\/wp\/v2\/product_tag?post=7484"}],"curies":[{"name":"wp","href":"https:\/\/api.w.org\/{rel}","templated":true}]}}