{"id":7488,"date":"2025-08-18T15:53:26","date_gmt":"2025-08-18T18:53:26","guid":{"rendered":"https:\/\/felgoulart.com.br\/biosensi\/product\/rcp-ressuscitacao-cardiopulmonar\/"},"modified":"2025-08-23T22:14:18","modified_gmt":"2025-08-24T01:14:18","slug":"rcp-ressuscitacao-cardiopulmonar","status":"publish","type":"product","link":"https:\/\/felgoulart.com.br\/biosensi\/product\/rcp-ressuscitacao-cardiopulmonar\/","title":{"rendered":"RCP \u2013 Ressuscita\u00e7\u00e3o Cardiopulmonar"},"content":{"rendered":"","protected":false},"excerpt":{"rendered":"<p>Este treinamento, tem como objetivo capacitar o aluno para identificar e socorrer v\u00edtimas de obstru\u00e7\u00e3o da via respirat\u00f3ria, casos de parada respirat\u00f3ria e foma de realizar a ressuscita\u00e7\u00e3o pulmonar.<\/p>\n","protected":false},"featured_media":7732,"template":"","meta":{"_acf_changed":false},"product_brand":[],"product_cat":[16],"product_tag":[],"class_list":{"0":"post-7488","1":"product","2":"type-product","3":"status-publish","4":"has-post-thumbnail","6":"product_cat-uncategorized","8":"first","9":"instock","10":"virtual","11":"purchasable","12":"product-type-simple"},"acf":[],"_links":{"self":[{"href":"https:\/\/felgoulart.com.br\/biosensi\/wp-json\/wp\/v2\/product\/7488","targetHints":{"allow":["GET"]}}],"collection":[{"href":"https:\/\/felgoulart.com.br\/biosensi\/wp-json\/wp\/v2\/product"}],"about":[{"href":"https:\/\/felgoulart.com.br\/biosensi\/wp-json\/wp\/v2\/types\/product"}],"wp:featuredmedia":[{"embeddable":true,"href":"https:\/\/felgoulart.com.br\/biosensi\/wp-json\/wp\/v2\/media\/7732"}],"wp:attachment":[{"href":"https:\/\/felgoulart.com.br\/biosensi\/wp-json\/wp\/v2\/media?parent=7488"}],"wp:term":[{"taxonomy":"product_brand","embeddable":true,"href":"https:\/\/felgoulart.com.br\/biosensi\/wp-json\/wp\/v2\/product_brand?post=7488"},{"taxonomy":"product_cat","embeddable":true,"href":"https:\/\/felgoulart.com.br\/biosensi\/wp-json\/wp\/v2\/product_cat?post=7488"},{"taxonomy":"product_tag","embeddable":true,"href":"https:\/\/felgoulart.com.br\/biosensi\/wp-json\/wp\/v2\/product_tag?post=7488"}],"curies":[{"name":"wp","href":"https:\/\/api.w.org\/{rel}","templated":true}]}}