{"id":7489,"date":"2025-08-18T15:53:26","date_gmt":"2025-08-18T18:53:26","guid":{"rendered":"https:\/\/felgoulart.com.br\/biosensi\/product\/brigada-de-incendios-basico-nbr-142762006-formacao-inicial\/"},"modified":"2025-08-23T22:25:59","modified_gmt":"2025-08-24T01:25:59","slug":"brigada-de-incendios-basico-nbr-142762006-formacao-inicial","status":"publish","type":"product","link":"https:\/\/felgoulart.com.br\/biosensi\/product\/brigada-de-incendios-basico-nbr-142762006-formacao-inicial\/","title":{"rendered":"Brigada de Inc\u00eandios \u2013 B\u00e1sico NBR 14276:2006 (Forma\u00e7\u00e3o \/ Inicial)"},"content":{"rendered":"","protected":false},"excerpt":{"rendered":"<p>O curso de Forma\u00e7\u00e3o de Brigada de Inc\u00eandios B\u00e1sico \u00e9 indicado \u00e0s ind\u00fastrias que desejam preparar seus colaboradores para atuarem em suas brigadas internas e equipes de CIPA.<\/p>\n<p>O curso aborda conte\u00fados relevantes para sua equipe fazer a diferen\u00e7a preservando vidas.<\/p>\n","protected":false},"featured_media":7735,"template":"","meta":{"_acf_changed":false},"product_brand":[],"product_cat":[16],"product_tag":[],"class_list":{"0":"post-7489","1":"product","2":"type-product","3":"status-publish","4":"has-post-thumbnail","6":"product_cat-uncategorized","8":"first","9":"instock","10":"virtual","11":"purchasable","12":"product-type-simple"},"acf":[],"_links":{"self":[{"href":"https:\/\/felgoulart.com.br\/biosensi\/wp-json\/wp\/v2\/product\/7489","targetHints":{"allow":["GET"]}}],"collection":[{"href":"https:\/\/felgoulart.com.br\/biosensi\/wp-json\/wp\/v2\/product"}],"about":[{"href":"https:\/\/felgoulart.com.br\/biosensi\/wp-json\/wp\/v2\/types\/product"}],"wp:featuredmedia":[{"embeddable":true,"href":"https:\/\/felgoulart.com.br\/biosensi\/wp-json\/wp\/v2\/media\/7735"}],"wp:attachment":[{"href":"https:\/\/felgoulart.com.br\/biosensi\/wp-json\/wp\/v2\/media?parent=7489"}],"wp:term":[{"taxonomy":"product_brand","embeddable":true,"href":"https:\/\/felgoulart.com.br\/biosensi\/wp-json\/wp\/v2\/product_brand?post=7489"},{"taxonomy":"product_cat","embeddable":true,"href":"https:\/\/felgoulart.com.br\/biosensi\/wp-json\/wp\/v2\/product_cat?post=7489"},{"taxonomy":"product_tag","embeddable":true,"href":"https:\/\/felgoulart.com.br\/biosensi\/wp-json\/wp\/v2\/product_tag?post=7489"}],"curies":[{"name":"wp","href":"https:\/\/api.w.org\/{rel}","templated":true}]}}