{"id":7493,"date":"2025-08-18T15:53:26","date_gmt":"2025-08-18T18:53:26","guid":{"rendered":"https:\/\/felgoulart.com.br\/biosensi\/product\/brigada-de-incendios-avancado-nbr-142762006-formacao-inicial\/"},"modified":"2025-08-23T22:31:11","modified_gmt":"2025-08-24T01:31:11","slug":"brigada-de-incendios-avancado-nbr-142762006-formacao-inicial","status":"publish","type":"product","link":"https:\/\/felgoulart.com.br\/biosensi\/product\/brigada-de-incendios-avancado-nbr-142762006-formacao-inicial\/","title":{"rendered":"Brigada de Inc\u00eandios \u2013 Avan\u00e7ado NBR 14276:2006 (Forma\u00e7\u00e3o \/ Inicial)"},"content":{"rendered":"","protected":false},"excerpt":{"rendered":"<section id=\"objetivos\" class=\"ng-scope\">O curso de Forma\u00e7\u00e3o de Brigada de Inc\u00eandios Avan\u00e7ado \u00e9 indicado \u00e0s ind\u00fastrias que desejam preparar seus colaboradores para atuarem em suas brigadas internas e equipes de CIPA.O curso aborda conte\u00fados relevantes para sua equipe fazer a diferen\u00e7a preservando vidas.<\/p>\n<\/section>\n","protected":false},"featured_media":7727,"template":"","meta":{"_acf_changed":false},"product_brand":[],"product_cat":[16],"product_tag":[],"class_list":{"0":"post-7493","1":"product","2":"type-product","3":"status-publish","4":"has-post-thumbnail","6":"product_cat-uncategorized","8":"first","9":"instock","10":"virtual","11":"purchasable","12":"product-type-simple"},"acf":[],"_links":{"self":[{"href":"https:\/\/felgoulart.com.br\/biosensi\/wp-json\/wp\/v2\/product\/7493","targetHints":{"allow":["GET"]}}],"collection":[{"href":"https:\/\/felgoulart.com.br\/biosensi\/wp-json\/wp\/v2\/product"}],"about":[{"href":"https:\/\/felgoulart.com.br\/biosensi\/wp-json\/wp\/v2\/types\/product"}],"wp:featuredmedia":[{"embeddable":true,"href":"https:\/\/felgoulart.com.br\/biosensi\/wp-json\/wp\/v2\/media\/7727"}],"wp:attachment":[{"href":"https:\/\/felgoulart.com.br\/biosensi\/wp-json\/wp\/v2\/media?parent=7493"}],"wp:term":[{"taxonomy":"product_brand","embeddable":true,"href":"https:\/\/felgoulart.com.br\/biosensi\/wp-json\/wp\/v2\/product_brand?post=7493"},{"taxonomy":"product_cat","embeddable":true,"href":"https:\/\/felgoulart.com.br\/biosensi\/wp-json\/wp\/v2\/product_cat?post=7493"},{"taxonomy":"product_tag","embeddable":true,"href":"https:\/\/felgoulart.com.br\/biosensi\/wp-json\/wp\/v2\/product_tag?post=7493"}],"curies":[{"name":"wp","href":"https:\/\/api.w.org\/{rel}","templated":true}]}}