{"id":7501,"date":"2025-08-18T15:53:27","date_gmt":"2025-08-18T18:53:27","guid":{"rendered":"https:\/\/felgoulart.com.br\/biosensi\/product\/covid-19\/"},"modified":"2025-08-25T15:03:05","modified_gmt":"2025-08-25T18:03:05","slug":"covid-19","status":"publish","type":"product","link":"https:\/\/felgoulart.com.br\/biosensi\/product\/covid-19\/","title":{"rendered":"COVID-19"},"content":{"rendered":"","protected":false},"excerpt":{"rendered":"<p>O curso de Preven\u00e7\u00e3o e Combate \u00e0 COVID-19 tem como objetivo prevenir os trabalhadores contra a contamina\u00e7\u00e3o da COVID-19 dentro do ambiente profissional e apresentar as informa\u00e7\u00f5es necess\u00e1rias caso seja necess\u00e1rio realizar o isolamento domiciliar.<\/p>\n","protected":false},"featured_media":7721,"template":"","meta":{"_acf_changed":false},"product_brand":[],"product_cat":[16],"product_tag":[],"class_list":{"0":"post-7501","1":"product","2":"type-product","3":"status-publish","4":"has-post-thumbnail","6":"product_cat-uncategorized","8":"first","9":"instock","10":"virtual","11":"purchasable","12":"product-type-simple"},"acf":[],"_links":{"self":[{"href":"https:\/\/felgoulart.com.br\/biosensi\/wp-json\/wp\/v2\/product\/7501","targetHints":{"allow":["GET"]}}],"collection":[{"href":"https:\/\/felgoulart.com.br\/biosensi\/wp-json\/wp\/v2\/product"}],"about":[{"href":"https:\/\/felgoulart.com.br\/biosensi\/wp-json\/wp\/v2\/types\/product"}],"wp:featuredmedia":[{"embeddable":true,"href":"https:\/\/felgoulart.com.br\/biosensi\/wp-json\/wp\/v2\/media\/7721"}],"wp:attachment":[{"href":"https:\/\/felgoulart.com.br\/biosensi\/wp-json\/wp\/v2\/media?parent=7501"}],"wp:term":[{"taxonomy":"product_brand","embeddable":true,"href":"https:\/\/felgoulart.com.br\/biosensi\/wp-json\/wp\/v2\/product_brand?post=7501"},{"taxonomy":"product_cat","embeddable":true,"href":"https:\/\/felgoulart.com.br\/biosensi\/wp-json\/wp\/v2\/product_cat?post=7501"},{"taxonomy":"product_tag","embeddable":true,"href":"https:\/\/felgoulart.com.br\/biosensi\/wp-json\/wp\/v2\/product_tag?post=7501"}],"curies":[{"name":"wp","href":"https:\/\/api.w.org\/{rel}","templated":true}]}}